{"id":64,"date":"2020-03-26T20:16:29","date_gmt":"2020-03-26T20:16:29","guid":{"rendered":"https:\/\/mptv.progressflorida.net\/?page_id=64"},"modified":"2024-03-20T23:25:35","modified_gmt":"2024-03-20T23:25:35","slug":"bymail","status":"publish","type":"page","link":"https:\/\/equalityflorida.vote\/es\/bymail\/","title":{"rendered":"Registrese para votar por correo!"},"content":{"rendered":"<div data-elementor-type=\"wp-page\" data-elementor-id=\"64\" class=\"elementor elementor-64\" data-elementor-post-type=\"page\">\n\t\t\t\t\t\t<section class=\"elementor-section elementor-top-section elementor-element elementor-element-ebcac06 elementor-section-full_width elementor-section-height-default elementor-section-height-default\" data-id=\"ebcac06\" data-element_type=\"section\">\n\t\t\t\t\t\t<div class=\"elementor-container elementor-column-gap-default\">\n\t\t\t\t\t<div class=\"elementor-column elementor-col-100 elementor-top-column elementor-element elementor-element-07f9760\" data-id=\"07f9760\" data-element_type=\"column\">\n\t\t\t<div class=\"elementor-widget-wrap elementor-element-populated\">\n\t\t\t\t\t\t<section class=\"elementor-section elementor-inner-section elementor-element elementor-element-8f3f90c elementor-section-boxed elementor-section-height-default elementor-section-height-default\" data-id=\"8f3f90c\" data-element_type=\"section\">\n\t\t\t\t\t\t<div class=\"elementor-container elementor-column-gap-default\">\n\t\t\t\t\t<div class=\"elementor-column elementor-col-50 elementor-inner-column elementor-element elementor-element-089e79d\" data-id=\"089e79d\" data-element_type=\"column\">\n\t\t\t<div class=\"elementor-widget-wrap elementor-element-populated\">\n\t\t\t\t\t\t<div class=\"elementor-element elementor-element-19b012f elementor-invisible elementor-widget elementor-widget-text-editor\" data-id=\"19b012f\" data-element_type=\"widget\" data-settings=\"{&quot;_animation&quot;:&quot;fadeInUp&quot;,&quot;_animation_delay&quot;:1000}\" data-widget_type=\"text-editor.default\">\n\t\t\t\t<div class=\"elementor-widget-container\">\n\t\t\t\t\t\t\t\t\t<p>Para votar por correo, seleccione su condado y llene la forma cpn su informaccion. Luego ser\u00e1 redirigido a la pagina oficial del condado para solicitar su voto por correo el cual usted completara y enviara por correo.<\/p>\t\t\t\t\t\t\t\t<\/div>\n\t\t\t\t<\/div>\n\t\t\t\t\t<\/div>\n\t\t<\/div>\n\t\t\t\t<div class=\"elementor-column elementor-col-50 elementor-inner-column elementor-element elementor-element-6f8bc9c elementor-invisible\" data-id=\"6f8bc9c\" data-element_type=\"column\" data-settings=\"{&quot;animation&quot;:&quot;fadeInUp&quot;,&quot;animation_delay&quot;:2500}\">\n\t\t\t<div class=\"elementor-widget-wrap elementor-element-populated\">\n\t\t\t\t\t\t<div class=\"elementor-element elementor-element-3f92d58 elementor-widget elementor-widget-html\" data-id=\"3f92d58\" data-element_type=\"widget\" data-no-translation=\"\" data-widget_type=\"html.default\">\n\t\t\t\t<div class=\"elementor-widget-container\">\n\t\t\t\t\t<style>.elementor-element-3f92d58{display:none !important}<\/style>\t\t\t\t<\/div>\n\t\t\t\t<\/div>\n\t\t\t\t<div class=\"elementor-element elementor-element-739dfd4 elementor-widget elementor-widget-html\" data-id=\"739dfd4\" data-element_type=\"widget\" data-no-translation=\"\" data-widget_type=\"html.default\">\n\t\t\t\t<div class=\"elementor-widget-container\">\n\t\t\t\t\t<form class=\"actionkit-widget\" name=\"vote-by-mail\" action=\"https:\/\/progressflorida.actionkit.com\/act\/\" onsubmit=\"this.submitted=1;return false\">\n\t\t\t<input type=\"hidden\" name=\"page\" value=\"vbm-eqfl\">\n<strong>Seleccione su condado*<\/strong>\n\t\t\t<select name=\"action_county_options\" id=\"id_action_county_options\">\n\t\t\t    <option value><\/option><option value=\"Alachua\">Alachua<\/option> <option value=\"Baker\">Baker<\/option> <option value=\"Bay\">Bay<\/option> <option value=\"Bradford\">Bradford<\/option> <option value=\"Brevard\">Brevard<\/option> <option value=\"Broward\">Broward<\/option> <option value=\"Calhoun\">Calhoun<\/option> <option value=\"Charlotte\">Charlotte<\/option> <option value=\"Citrus\">Citrus<\/option> <option value=\"Clay\">Clay<\/option> <option value=\"Collier\">Collier<\/option> <option value=\"Columbia\">Columbia<\/option> <option value=\"DeSoto\">DeSoto<\/option> <option value=\"Dixie\">Dixie<\/option> <option value=\"Duval\">Duval<\/option> <option value=\"Escambia\">Escambia<\/option> <option value=\"Flagler\">Flagler<\/option> <option value=\"Franklin\">Franklin<\/option> <option value=\"Gadsden\">Gadsden<\/option> <option value=\"Gilchrist\">Gilchrist<\/option> <option value=\"Glades\">Glades<\/option> <option value=\"Gulf\">Gulf<\/option> <option value=\"Hamilton\">Hamilton<\/option> <option value=\"Hardee\">Hardee<\/option> <option value=\"Hendry\">Hendry<\/option> <option value=\"Hernando\">Hernando<\/option> <option value=\"Highlands\">Highlands<\/option> <option value=\"Hillsborough\">Hillsborough<\/option> <option value=\"Holmes\">Holmes<\/option> <option value=\"Indian River\">Indian River<\/option> <option value=\"Jackson\">Jackson<\/option> <option value=\"Jefferson\">Jefferson<\/option> <option value=\"Lafayette\">Lafayette<\/option> <option value=\"Lake\">Lake<\/option> <option value=\"Lee\">Lee<\/option> <option value=\"Leon\">Leon<\/option> <option value=\"Levy\">Levy<\/option> <option value=\"Liberty\">Liberty<\/option> <option value=\"Madison\">Madison<\/option> <option value=\"Manatee\">Manatee<\/option> <option value=\"Marion\">Marion<\/option> <option value=\"Martin\">Martin<\/option> <option value=\"Miami-Dade\">Miami-Dade<\/option> <option value=\"Monroe\">Monroe<\/option> <option value=\"Nassau\">Nassau<\/option> <option value=\"Okaloosa\">Okaloosa<\/option> <option value=\"Okeechobee\">Okeechobee<\/option> <option value=\"Orange\">Orange<\/option> <option value=\"Osceola\">Osceola<\/option> <option value=\"Palm Beach\">Palm Beach<\/option> <option value=\"Pasco\">Pasco<\/option> <option value=\"Pinellas\">Pinellas<\/option> <option value=\"Polk\">Polk<\/option> <option value=\"Putnam\">Putnam<\/option> <option value=\"Santa Rosa\">Santa Rosa<\/option> <option value=\"Sarasota\">Sarasota<\/option> <option value=\"Seminole\">Seminole<\/option> <option value=\"St. Johns\">St. Johns<\/option> <option value=\"St. Lucie\">St. Lucie<\/option> <option value=\"Sumter\">Sumter<\/option> <option value=\"Suwannee\">Suwannee<\/option> <option value=\"Taylor\">Taylor<\/option> <option value=\"Union\">Union<\/option> <option value=\"Volusia\">Volusia<\/option> <option value=\"Wakulla\">Wakulla<\/option> <option value=\"Walton\">Walton<\/option> <option value=\"Washington\">Washington<\/option><\/select>\n\t\t\t<label for=\"id_email\">Correo electr\u00f3nico*<\/label><input value=\"\" id=\"id_email\" class=\"ak-userfield-input\" type=\"text\" name=\"email\" placeholder=\"youremail@email.com\" required \/>\n<label for=\"id_first_name\">\n            Nombre<span class=\"ak-required-flag\">*<\/span>\n        <\/label>\n                <input type=\"text\" name=\"first_name\" id=\"id_first_name\" class=\"ak-userfield-input\" placeholder=\"First Name\" required>\n\n<label for=\"id_last_name\">\n            Apellido<span class=\"ak-required-flag\">*<\/span>\n        <\/label>\n                <input type=\"text\" name=\"last_name\" id=\"id_last_name\" class=\"ak-userfield-input\" placeholder=\"Last Name\">\n                        <label for=\"id_address1\">Direccion*<\/label><input type=\"text\" name=\"address1\" id=\"id_address1\" class=\"ak-userfield-input\" placeholder=\"123 Main St.\" required>\n\t\t\t<label for=\"id_zip\">C\u00f3digo postal*<\/label><input type=\"text\" name=\"zip\" id=\"id_zip\" class=\"ak-userfield-input\" placeholder=\"12345\" required>\n\t\t\t<label for=\"id_mobile_phone\">Numero de telefono*<\/label><input type=\"text\" name=\"mobile_phone\" id=\"id_mobile_phone\" class=\"ak-userfield-input\" placeholder=\"555-555-5555\" required>\n<input type=\"checkbox\" name=\"action_eqfl_optin\" id=\"id_action_eqfl_optin_yes\" class=\"ak-userfield-input\" style=\"margin: 0;\" value=\"Yes\" checked> <span class=\"form-disclaimer\">Al proporcionar mi informaci\u00f3n de contacto, consiento que Equality Florida Institute me contacte con informaci\u00f3n sobre esta y futuras campa\u00f1as.<\/span>\n\n<input id=\"btn-submit\" class=\"btn-default\" style=\"margin-top: 1em;\" type=\"submit\" value=\"Pr\u00f3ximo Paso\">\n<input type=\"hidden\" name=\"source\" value=\"\">\n<\/form>\n<\/div>\n<\/div>\n\n<\/div>\n\n<script>\n    var srcre = \/[?&]source=([^&]*)\/g;\nvar src = srcre.exec(window.location.search);\nif (src != null){\n  var src = src[1];\n  for (var i=0;i<document.forms.length;++i){\n   var f = document.forms[i];\n   if (\/actionkit-widget\/.test(f.className)){\n     if (f.source){\n       f.source.value = decodeURI(src);\n      }\n    }\n  }\n}\n<\/script>\n\n<script>\n\t\t\/\/ Show only the HTML Element that has the inputted ID\n\t\tfunction showElement(id){\n\t\t\tvar hideables = document.getElementsByClassName(\"hideable\");\n\t\t\tfor (var i=0; hideables.length>i; i++){\n\t\t\t\thideables[i].style.display = \"none\";\n\t\t\t}\n\t\t\tvar eleDiv = document.getElementById(id);\n\t\t\teleDiv.style.display = \"block\";\n\t\t}\n\t\tfunction onWidgetSuccess(form, response){\n\t\t\tif (form.getAttribute(\"name\") == \"vote-by-mail\"){\n\t\t\t\tvar county = form.action_county_options.value\n\t\t\t\tvar byMailRoot = \"https:\/\/dev-equality-florida-votes.pantheonsite.io\/es\/bymail\/\";\n\t\t\t\tvar countryURL = byMailRoot + county.toLowerCase().replace(\/[. ]\/g, \"\");\n\t\t\t\twindow.location = countryURL;\n\t\t\t} else {\n\t\t\t\twindow.location = response.redirect;\n\t\t\t}\n\t\t\tconsole.log(form);\n\t\t\tconsole.log(response);\n\t\t\treturn false;\n\t\t}\nfunction onWidgetSubmit(form){\n\u00a0 if (form.action_county_options.value == \"\"){\n    alert(\"All fields are required. Make sure you've selected the county where you're registered to vote in and filled out the other fields.\");\n\u00a0 \u00a0 return\u00a0 false;\n\u00a0 } else {\n\u00a0 \u00a0 return true;\n\u00a0 }\n}\n\t\t\/\/ Redirect in JS\n\t\t\/\/window.location = \"http:\/\/progressflorida.org\/\";\n\t<\/script>\n\t<script src=\"https:\/\/progressflorida.actionkit.com\/samples\/widget.js\"><\/script>\t\t\t\t<\/div>\n\t\t\t\t<\/div>\n\t\t\t\t\t<\/div>\n\t\t<\/div>\n\t\t\t\t\t<\/div>\n\t\t<\/section>\n\t\t\t\t<section class=\"elementor-section elementor-inner-section elementor-element elementor-element-55c0243 elementor-section-boxed elementor-section-height-default elementor-section-height-default\" data-id=\"55c0243\" data-element_type=\"section\">\n\t\t\t\t\t\t<div class=\"elementor-container elementor-column-gap-default\">\n\t\t\t\t\t<div class=\"elementor-column elementor-col-100 elementor-inner-column elementor-element elementor-element-7fb8660\" data-id=\"7fb8660\" data-element_type=\"column\">\n\t\t\t<div class=\"elementor-widget-wrap elementor-element-populated\">\n\t\t\t\t\t\t<div class=\"elementor-element elementor-element-2b0114c elementor-icon-list--layout-inline elementor-align-center elementor-list-item-link-full_width elementor-widget elementor-widget-icon-list\" data-id=\"2b0114c\" data-element_type=\"widget\" data-widget_type=\"icon-list.default\">\n\t\t\t\t<div class=\"elementor-widget-container\">\n\t\t\t\t\t\t\t<ul class=\"elementor-icon-list-items elementor-inline-items\">\n\t\t\t\t\t\t\t<li class=\"elementor-icon-list-item elementor-inline-item\">\n\t\t\t\t\t\t\t\t\t\t\t<a href=\"\/es\/\">\n\n\t\t\t\t\t\t\t\t\t\t\t\t<span class=\"elementor-icon-list-icon\">\n\t\t\t\t\t\t\t<i aria-hidden=\"true\" class=\"fas fa-arrow-circle-left\"><\/i>\t\t\t\t\t\t<\/span>\n\t\t\t\t\t\t\t\t\t\t<span class=\"elementor-icon-list-text\">Regrese a sus opciones para votar<\/span>\n\t\t\t\t\t\t\t\t\t\t\t<\/a>\n\t\t\t\t\t\t\t\t\t<\/li>\n\t\t\t\t\t\t<\/ul>\n\t\t\t\t\t\t<\/div>\n\t\t\t\t<\/div>\n\t\t\t\t<div class=\"elementor-element elementor-element-b20d0c5 elementor-widget elementor-widget-html\" data-id=\"b20d0c5\" data-element_type=\"widget\" data-widget_type=\"html.default\">\n\t\t\t\t<div class=\"elementor-widget-container\">\n\t\t\t\t\t<div id=\"map\" style=\"display:none;\"><\/div>\n\n<script>\n\/*\n$(document).ready(function() {\n    setTimeout(function() {\n        console.log('trigger!')\n        if (window.location.href.indexOf(\"\/es\/\") > -1) {\n            var text = $(\"label#NVSignupForm1227798-ContactInformation-FirstName\").text();\n            text = text.replace(\"First Name\", \"Pimero Nombre\");\n            $(\"label#NVSignupForm1227798-ContactInformation-FirstName\").text(text);\n        }\n   }, 5000);\n});\n*\/\n\nsetTimeout(function(){\n    $(\"body\").on(\"click\", \"input.at-submit\", function(){\n        console.log(\"Form Scripts Loaded\");\n        if (window.location.href.indexOf(\"\/es\/\") >= 0) {\n            var county = $('#NVSignupForm1826892-AdditionalInformation-CustomFormFieldQuestion_8635840326027227_MappedCustomFormFieldQuestion_1486 option:selected').text();\n            var countySlug = \"\/es\/bymail\/\" + county.toLowerCase();\n        } else if (window.location.href.indexOf(\"\/hat\/\") >= 0) {\n            var county = $('#NVSignupForm1826892-AdditionalInformation-CustomFormFieldQuestion_8635840326027227_MappedCustomFormFieldQuestion_1486 option:selected').text();\n            var countySlug = \"\/hat\/bymail\/\" + county.toLowerCase();\n        } else {\n            var county = $('#NVSignupForm1826892-AdditionalInformation-CustomFormFieldQuestion_8635840326027227_MappedCustomFormFieldQuestion_1486 option:selected').text();\n            var countySlug = \"\/bymail\/\" + county.toLowerCase();\n        }\n        console.log(countySlug);\n        \/\/redirect\n        window.location.href = countySlug;\n    });\n}, 3000);\n<\/script>\t\t\t\t<\/div>\n\t\t\t\t<\/div>\n\t\t\t\t\t<\/div>\n\t\t<\/div>\n\t\t\t\t\t<\/div>\n\t\t<\/section>\n\t\t\t\t\t<\/div>\n\t\t<\/div>\n\t\t\t\t\t<\/div>\n\t\t<\/section>\n\t\t\t\t<\/div>","protected":false},"excerpt":{"rendered":"<p>To vote by mail, select your county and fill out the form. You will then be redirected to your county&#8217;s official vote by mail request page, which you need to complete in order to vote by mail. Back to voting options<\/p>","protected":false},"author":1,"featured_media":0,"parent":0,"menu_order":0,"comment_status":"closed","ping_status":"closed","template":"","meta":{"footnotes":""},"categories":[],"tags":[],"class_list":["post-64","page","type-page","status-publish","hentry"],"yoast_head":"<!-- This site is optimized with the Yoast SEO plugin v25.2 - https:\/\/yoast.com\/wordpress\/plugins\/seo\/ -->\n<title>Sign up to vote by mail - Equality Florida Institute<\/title>\n<meta name=\"robots\" content=\"index, follow, max-snippet:-1, max-image-preview:large, max-video-preview:-1\" \/>\n<link rel=\"canonical\" href=\"https:\/\/equalityflorida.vote\/es\/bymail\/\" \/>\n<meta property=\"og:locale\" content=\"es_MX\" \/>\n<meta property=\"og:type\" content=\"article\" \/>\n<meta property=\"og:title\" content=\"Sign up to vote by mail - Equality Florida Institute\" \/>\n<meta property=\"og:description\" content=\"To vote by mail, select your county and fill out the form. You will then be redirected to your county&#8217;s official vote by mail request page, which you need to complete in order to vote by mail. Back to voting options\" \/>\n<meta property=\"og:url\" content=\"https:\/\/equalityflorida.vote\/es\/bymail\/\" \/>\n<meta property=\"og:site_name\" content=\"Equality Florida Institute\" \/>\n<meta property=\"article:modified_time\" content=\"2024-03-20T23:25:35+00:00\" \/>\n<meta property=\"og:image\" content=\"https:\/\/equalityflorida.vote\/wp-content\/uploads\/2020\/06\/eqfl-og.jpg\" \/>\n\t<meta property=\"og:image:width\" content=\"1200\" \/>\n\t<meta property=\"og:image:height\" content=\"630\" \/>\n\t<meta property=\"og:image:type\" content=\"image\/jpeg\" \/>\n<meta name=\"twitter:card\" content=\"summary_large_image\" \/>\n<meta name=\"twitter:label1\" content=\"Tiempo de lectura\" \/>\n\t<meta name=\"twitter:data1\" content=\"2 minutos\" \/>\n<script type=\"application\/ld+json\" class=\"yoast-schema-graph\">{\"@context\":\"https:\/\/schema.org\",\"@graph\":[{\"@type\":\"WebPage\",\"@id\":\"https:\/\/equalityflorida.vote\/es\/bymail\/\",\"url\":\"https:\/\/equalityflorida.vote\/es\/bymail\/\",\"name\":\"Sign up to vote by mail - Equality Florida Institute\",\"isPartOf\":{\"@id\":\"https:\/\/equalityflorida.vote\/es\/#website\"},\"datePublished\":\"2020-03-26T20:16:29+00:00\",\"dateModified\":\"2024-03-20T23:25:35+00:00\",\"breadcrumb\":{\"@id\":\"https:\/\/equalityflorida.vote\/es\/bymail\/#breadcrumb\"},\"inLanguage\":\"es\",\"potentialAction\":[{\"@type\":\"ReadAction\",\"target\":[\"https:\/\/equalityflorida.vote\/es\/bymail\/\"]}]},{\"@type\":\"BreadcrumbList\",\"@id\":\"https:\/\/equalityflorida.vote\/es\/bymail\/#breadcrumb\",\"itemListElement\":[{\"@type\":\"ListItem\",\"position\":1,\"name\":\"Home\",\"item\":\"https:\/\/equalityflorida.vote\/\"},{\"@type\":\"ListItem\",\"position\":2,\"name\":\"Sign up to vote by mail\"}]},{\"@type\":\"WebSite\",\"@id\":\"https:\/\/equalityflorida.vote\/es\/#website\",\"url\":\"https:\/\/equalityflorida.vote\/es\/\",\"name\":\"Make A Plan To Vote\",\"description\":\"\",\"publisher\":{\"@id\":\"https:\/\/equalityflorida.vote\/es\/#organization\"},\"potentialAction\":[{\"@type\":\"SearchAction\",\"target\":{\"@type\":\"EntryPoint\",\"urlTemplate\":\"https:\/\/equalityflorida.vote\/es\/?s={search_term_string}\"},\"query-input\":{\"@type\":\"PropertyValueSpecification\",\"valueRequired\":true,\"valueName\":\"search_term_string\"}}],\"inLanguage\":\"es\"},{\"@type\":\"Organization\",\"@id\":\"https:\/\/equalityflorida.vote\/es\/#organization\",\"name\":\"Make A Plan To Vote\",\"url\":\"https:\/\/equalityflorida.vote\/es\/\",\"logo\":{\"@type\":\"ImageObject\",\"inLanguage\":\"es\",\"@id\":\"https:\/\/equalityflorida.vote\/es\/#\/schema\/logo\/image\/\",\"url\":\"https:\/\/live-equality-florida-votes.pantheonsite.io\/wp-content\/uploads\/2020\/02\/mptv-2020-icon.png\",\"contentUrl\":\"https:\/\/live-equality-florida-votes.pantheonsite.io\/wp-content\/uploads\/2020\/02\/mptv-2020-icon.png\",\"width\":1500,\"height\":1500,\"caption\":\"Make A Plan To Vote\"},\"image\":{\"@id\":\"https:\/\/equalityflorida.vote\/es\/#\/schema\/logo\/image\/\"}}]}<\/script>\n<!-- \/ Yoast SEO plugin. -->","yoast_head_json":{"title":"Sign up to vote by mail - Equality Florida Institute","robots":{"index":"index","follow":"follow","max-snippet":"max-snippet:-1","max-image-preview":"max-image-preview:large","max-video-preview":"max-video-preview:-1"},"canonical":"https:\/\/equalityflorida.vote\/es\/bymail\/","og_locale":"es_MX","og_type":"article","og_title":"Sign up to vote by mail - Equality Florida Institute","og_description":"To vote by mail, select your county and fill out the form. You will then be redirected to your county&#8217;s official vote by mail request page, which you need to complete in order to vote by mail. Back to voting options","og_url":"https:\/\/equalityflorida.vote\/es\/bymail\/","og_site_name":"Equality Florida Institute","article_modified_time":"2024-03-20T23:25:35+00:00","og_image":[{"width":1200,"height":630,"url":"https:\/\/equalityflorida.vote\/wp-content\/uploads\/2020\/06\/eqfl-og.jpg","type":"image\/jpeg"}],"twitter_card":"summary_large_image","twitter_misc":{"Tiempo de lectura":"2 minutos"},"schema":{"@context":"https:\/\/schema.org","@graph":[{"@type":"WebPage","@id":"https:\/\/equalityflorida.vote\/es\/bymail\/","url":"https:\/\/equalityflorida.vote\/es\/bymail\/","name":"Sign up to vote by mail - Equality Florida Institute","isPartOf":{"@id":"https:\/\/equalityflorida.vote\/es\/#website"},"datePublished":"2020-03-26T20:16:29+00:00","dateModified":"2024-03-20T23:25:35+00:00","breadcrumb":{"@id":"https:\/\/equalityflorida.vote\/es\/bymail\/#breadcrumb"},"inLanguage":"es","potentialAction":[{"@type":"ReadAction","target":["https:\/\/equalityflorida.vote\/es\/bymail\/"]}]},{"@type":"BreadcrumbList","@id":"https:\/\/equalityflorida.vote\/es\/bymail\/#breadcrumb","itemListElement":[{"@type":"ListItem","position":1,"name":"Home","item":"https:\/\/equalityflorida.vote\/"},{"@type":"ListItem","position":2,"name":"Sign up to vote by mail"}]},{"@type":"WebSite","@id":"https:\/\/equalityflorida.vote\/es\/#website","url":"https:\/\/equalityflorida.vote\/es\/","name":"Make A Plan To Vote","description":"","publisher":{"@id":"https:\/\/equalityflorida.vote\/es\/#organization"},"potentialAction":[{"@type":"SearchAction","target":{"@type":"EntryPoint","urlTemplate":"https:\/\/equalityflorida.vote\/es\/?s={search_term_string}"},"query-input":{"@type":"PropertyValueSpecification","valueRequired":true,"valueName":"search_term_string"}}],"inLanguage":"es"},{"@type":"Organization","@id":"https:\/\/equalityflorida.vote\/es\/#organization","name":"Make A Plan To Vote","url":"https:\/\/equalityflorida.vote\/es\/","logo":{"@type":"ImageObject","inLanguage":"es","@id":"https:\/\/equalityflorida.vote\/es\/#\/schema\/logo\/image\/","url":"https:\/\/live-equality-florida-votes.pantheonsite.io\/wp-content\/uploads\/2020\/02\/mptv-2020-icon.png","contentUrl":"https:\/\/live-equality-florida-votes.pantheonsite.io\/wp-content\/uploads\/2020\/02\/mptv-2020-icon.png","width":1500,"height":1500,"caption":"Make A Plan To Vote"},"image":{"@id":"https:\/\/equalityflorida.vote\/es\/#\/schema\/logo\/image\/"}}]}},"_links":{"self":[{"href":"https:\/\/equalityflorida.vote\/es\/wp-json\/wp\/v2\/pages\/64","targetHints":{"allow":["GET"]}}],"collection":[{"href":"https:\/\/equalityflorida.vote\/es\/wp-json\/wp\/v2\/pages"}],"about":[{"href":"https:\/\/equalityflorida.vote\/es\/wp-json\/wp\/v2\/types\/page"}],"author":[{"embeddable":true,"href":"https:\/\/equalityflorida.vote\/es\/wp-json\/wp\/v2\/users\/1"}],"replies":[{"embeddable":true,"href":"https:\/\/equalityflorida.vote\/es\/wp-json\/wp\/v2\/comments?post=64"}],"version-history":[{"count":43,"href":"https:\/\/equalityflorida.vote\/es\/wp-json\/wp\/v2\/pages\/64\/revisions"}],"predecessor-version":[{"id":1153,"href":"https:\/\/equalityflorida.vote\/es\/wp-json\/wp\/v2\/pages\/64\/revisions\/1153"}],"wp:attachment":[{"href":"https:\/\/equalityflorida.vote\/es\/wp-json\/wp\/v2\/media?parent=64"}],"wp:term":[{"taxonomy":"category","embeddable":true,"href":"https:\/\/equalityflorida.vote\/es\/wp-json\/wp\/v2\/categories?post=64"},{"taxonomy":"post_tag","embeddable":true,"href":"https:\/\/equalityflorida.vote\/es\/wp-json\/wp\/v2\/tags?post=64"}],"curies":[{"name":"wp","href":"https:\/\/api.w.org\/{rel}","templated":true}]}}