{"id":1179,"date":"2024-10-10T18:42:01","date_gmt":"2024-10-10T18:42:01","guid":{"rendered":"https:\/\/equalityflorida.vote\/?page_id=1179"},"modified":"2024-10-10T18:42:02","modified_gmt":"2024-10-10T18:42:02","slug":"return-your-mail-in-ballot","status":"publish","type":"page","link":"https:\/\/equalityflorida.vote\/es\/return-your-mail-in-ballot\/","title":{"rendered":"Devuelva su boleta de voto por correo"},"content":{"rendered":"<p>A vote-by-mail ballot can be returned by mail or delivered in person. If returned by mail, it can be returned by the United States Postal service or through another private or commercial carrier as long as the ballot is received by the requisite deadline.<\/p>\n\n\n\n<p>A vote-by-mail ballot cannot be returned online, by fax, by email or by fax with one exception. Overseas voters (civilian and military) have the option to return their ballot by mail or by fax. Please visit the webpage\u00a0<a href=\"https:\/\/dos.fl.gov\/elections\/for-voters\/voting\/military-and-overseas-citizens-voting\/\" target=\"_blank\" rel=\"noreferrer noopener\">Military and Overseas Voting<\/a>\u00a0for more information.<\/p>\n\n\n\n<p>Vote-by-mail ballots may also be deposited into\u00a0secure drop boxes at Supervisors of Elections&#8217; main and branch offices until 7:00 pm (local time) on Election Day. Vote-by-mail ballots may also be deposited at secure drop boxes at designated early voting sites in the county. Visit your county Supervisors of Elections&#8217; website for the locations, days, and hours of all secure drop boxes in the county. Contact information can be found\u00a0<a href=\"https:\/\/dos.fl.gov\/elections\/contacts\/supervisor-of-elections\/\" target=\"_blank\" rel=\"noreferrer noopener\">aqu\u00ed<\/a>.<\/p>","protected":false},"excerpt":{"rendered":"<p>Las papeletas de votaci\u00f3n por correo se pueden devolver por correo o entregarse en persona. Si se devuelven por correo, se pueden devolver a trav\u00e9s del Servicio Postal de los Estados Unidos o mediante otro transportista privado o comercial, siempre que se reciban antes de la fecha l\u00edmite correspondiente. Las papeletas de votaci\u00f3n por correo no se pueden devolver en l\u00ednea, por fax, por correo electr\u00f3nico [\u2026]<\/p>","protected":false},"author":1,"featured_media":0,"parent":0,"menu_order":0,"comment_status":"closed","ping_status":"closed","template":"","meta":{"footnotes":""},"categories":[],"tags":[],"class_list":["post-1179","page","type-page","status-publish","hentry"],"yoast_head":"<!-- This site is optimized with the Yoast SEO plugin v25.2 - https:\/\/yoast.com\/wordpress\/plugins\/seo\/ -->\n<title>Return Your Mail-In Ballot - Equality Florida Institute<\/title>\n<meta name=\"robots\" content=\"index, follow, max-snippet:-1, max-image-preview:large, max-video-preview:-1\" \/>\n<link rel=\"canonical\" href=\"https:\/\/equalityflorida.vote\/es\/return-your-mail-in-ballot\/\" \/>\n<meta property=\"og:locale\" content=\"es_MX\" \/>\n<meta property=\"og:type\" content=\"article\" \/>\n<meta property=\"og:title\" content=\"Return Your Mail-In Ballot - Equality Florida Institute\" \/>\n<meta property=\"og:description\" content=\"A vote-by-mail ballot can be returned by mail or delivered in person. If returned by mail, it can be returned by the United States Postal service or through another private or commercial carrier as long as the ballot is received by the requisite deadline. A vote-by-mail ballot cannot be returned online, by fax, by email [&hellip;]\" \/>\n<meta property=\"og:url\" content=\"https:\/\/equalityflorida.vote\/es\/return-your-mail-in-ballot\/\" \/>\n<meta property=\"og:site_name\" content=\"Equality Florida Institute\" \/>\n<meta property=\"article:modified_time\" content=\"2024-10-10T18:42:02+00:00\" \/>\n<meta property=\"og:image\" content=\"https:\/\/equalityflorida.vote\/wp-content\/uploads\/2020\/06\/eqfl-og.jpg\" \/>\n\t<meta property=\"og:image:width\" content=\"1200\" \/>\n\t<meta property=\"og:image:height\" content=\"630\" \/>\n\t<meta property=\"og:image:type\" content=\"image\/jpeg\" \/>\n<meta name=\"twitter:card\" content=\"summary_large_image\" \/>\n<meta name=\"twitter:label1\" content=\"Tiempo de lectura\" \/>\n\t<meta name=\"twitter:data1\" content=\"1 minuto\" \/>\n<script type=\"application\/ld+json\" class=\"yoast-schema-graph\">{\"@context\":\"https:\/\/schema.org\",\"@graph\":[{\"@type\":\"WebPage\",\"@id\":\"https:\/\/equalityflorida.vote\/es\/return-your-mail-in-ballot\/\",\"url\":\"https:\/\/equalityflorida.vote\/es\/return-your-mail-in-ballot\/\",\"name\":\"Return Your Mail-In Ballot - Equality Florida Institute\",\"isPartOf\":{\"@id\":\"https:\/\/equalityflorida.vote\/es\/#website\"},\"datePublished\":\"2024-10-10T18:42:01+00:00\",\"dateModified\":\"2024-10-10T18:42:02+00:00\",\"breadcrumb\":{\"@id\":\"https:\/\/equalityflorida.vote\/es\/return-your-mail-in-ballot\/#breadcrumb\"},\"inLanguage\":\"es\",\"potentialAction\":[{\"@type\":\"ReadAction\",\"target\":[\"https:\/\/equalityflorida.vote\/es\/return-your-mail-in-ballot\/\"]}]},{\"@type\":\"BreadcrumbList\",\"@id\":\"https:\/\/equalityflorida.vote\/es\/return-your-mail-in-ballot\/#breadcrumb\",\"itemListElement\":[{\"@type\":\"ListItem\",\"position\":1,\"name\":\"Home\",\"item\":\"https:\/\/equalityflorida.vote\/\"},{\"@type\":\"ListItem\",\"position\":2,\"name\":\"Return Your Mail-In Ballot\"}]},{\"@type\":\"WebSite\",\"@id\":\"https:\/\/equalityflorida.vote\/es\/#website\",\"url\":\"https:\/\/equalityflorida.vote\/es\/\",\"name\":\"Make A Plan To Vote\",\"description\":\"\",\"publisher\":{\"@id\":\"https:\/\/equalityflorida.vote\/es\/#organization\"},\"potentialAction\":[{\"@type\":\"SearchAction\",\"target\":{\"@type\":\"EntryPoint\",\"urlTemplate\":\"https:\/\/equalityflorida.vote\/es\/?s={search_term_string}\"},\"query-input\":{\"@type\":\"PropertyValueSpecification\",\"valueRequired\":true,\"valueName\":\"search_term_string\"}}],\"inLanguage\":\"es\"},{\"@type\":\"Organization\",\"@id\":\"https:\/\/equalityflorida.vote\/es\/#organization\",\"name\":\"Make A Plan To Vote\",\"url\":\"https:\/\/equalityflorida.vote\/es\/\",\"logo\":{\"@type\":\"ImageObject\",\"inLanguage\":\"es\",\"@id\":\"https:\/\/equalityflorida.vote\/es\/#\/schema\/logo\/image\/\",\"url\":\"https:\/\/live-equality-florida-votes.pantheonsite.io\/wp-content\/uploads\/2020\/02\/mptv-2020-icon.png\",\"contentUrl\":\"https:\/\/live-equality-florida-votes.pantheonsite.io\/wp-content\/uploads\/2020\/02\/mptv-2020-icon.png\",\"width\":1500,\"height\":1500,\"caption\":\"Make A Plan To Vote\"},\"image\":{\"@id\":\"https:\/\/equalityflorida.vote\/es\/#\/schema\/logo\/image\/\"}}]}<\/script>\n<!-- \/ Yoast SEO plugin. -->","yoast_head_json":{"title":"Return Your Mail-In Ballot - Equality Florida Institute","robots":{"index":"index","follow":"follow","max-snippet":"max-snippet:-1","max-image-preview":"max-image-preview:large","max-video-preview":"max-video-preview:-1"},"canonical":"https:\/\/equalityflorida.vote\/es\/return-your-mail-in-ballot\/","og_locale":"es_MX","og_type":"article","og_title":"Return Your Mail-In Ballot - Equality Florida Institute","og_description":"A vote-by-mail ballot can be returned by mail or delivered in person. If returned by mail, it can be returned by the United States Postal service or through another private or commercial carrier as long as the ballot is received by the requisite deadline. A vote-by-mail ballot cannot be returned online, by fax, by email [&hellip;]","og_url":"https:\/\/equalityflorida.vote\/es\/return-your-mail-in-ballot\/","og_site_name":"Equality Florida Institute","article_modified_time":"2024-10-10T18:42:02+00:00","og_image":[{"width":1200,"height":630,"url":"https:\/\/equalityflorida.vote\/wp-content\/uploads\/2020\/06\/eqfl-og.jpg","type":"image\/jpeg"}],"twitter_card":"summary_large_image","twitter_misc":{"Tiempo de lectura":"1 minuto"},"schema":{"@context":"https:\/\/schema.org","@graph":[{"@type":"WebPage","@id":"https:\/\/equalityflorida.vote\/es\/return-your-mail-in-ballot\/","url":"https:\/\/equalityflorida.vote\/es\/return-your-mail-in-ballot\/","name":"Return Your Mail-In Ballot - Equality Florida Institute","isPartOf":{"@id":"https:\/\/equalityflorida.vote\/es\/#website"},"datePublished":"2024-10-10T18:42:01+00:00","dateModified":"2024-10-10T18:42:02+00:00","breadcrumb":{"@id":"https:\/\/equalityflorida.vote\/es\/return-your-mail-in-ballot\/#breadcrumb"},"inLanguage":"es","potentialAction":[{"@type":"ReadAction","target":["https:\/\/equalityflorida.vote\/es\/return-your-mail-in-ballot\/"]}]},{"@type":"BreadcrumbList","@id":"https:\/\/equalityflorida.vote\/es\/return-your-mail-in-ballot\/#breadcrumb","itemListElement":[{"@type":"ListItem","position":1,"name":"Home","item":"https:\/\/equalityflorida.vote\/"},{"@type":"ListItem","position":2,"name":"Return Your Mail-In Ballot"}]},{"@type":"WebSite","@id":"https:\/\/equalityflorida.vote\/es\/#website","url":"https:\/\/equalityflorida.vote\/es\/","name":"Make A Plan To Vote","description":"","publisher":{"@id":"https:\/\/equalityflorida.vote\/es\/#organization"},"potentialAction":[{"@type":"SearchAction","target":{"@type":"EntryPoint","urlTemplate":"https:\/\/equalityflorida.vote\/es\/?s={search_term_string}"},"query-input":{"@type":"PropertyValueSpecification","valueRequired":true,"valueName":"search_term_string"}}],"inLanguage":"es"},{"@type":"Organization","@id":"https:\/\/equalityflorida.vote\/es\/#organization","name":"Make A Plan To Vote","url":"https:\/\/equalityflorida.vote\/es\/","logo":{"@type":"ImageObject","inLanguage":"es","@id":"https:\/\/equalityflorida.vote\/es\/#\/schema\/logo\/image\/","url":"https:\/\/live-equality-florida-votes.pantheonsite.io\/wp-content\/uploads\/2020\/02\/mptv-2020-icon.png","contentUrl":"https:\/\/live-equality-florida-votes.pantheonsite.io\/wp-content\/uploads\/2020\/02\/mptv-2020-icon.png","width":1500,"height":1500,"caption":"Make A Plan To Vote"},"image":{"@id":"https:\/\/equalityflorida.vote\/es\/#\/schema\/logo\/image\/"}}]}},"_links":{"self":[{"href":"https:\/\/equalityflorida.vote\/es\/wp-json\/wp\/v2\/pages\/1179","targetHints":{"allow":["GET"]}}],"collection":[{"href":"https:\/\/equalityflorida.vote\/es\/wp-json\/wp\/v2\/pages"}],"about":[{"href":"https:\/\/equalityflorida.vote\/es\/wp-json\/wp\/v2\/types\/page"}],"author":[{"embeddable":true,"href":"https:\/\/equalityflorida.vote\/es\/wp-json\/wp\/v2\/users\/1"}],"replies":[{"embeddable":true,"href":"https:\/\/equalityflorida.vote\/es\/wp-json\/wp\/v2\/comments?post=1179"}],"version-history":[{"count":1,"href":"https:\/\/equalityflorida.vote\/es\/wp-json\/wp\/v2\/pages\/1179\/revisions"}],"predecessor-version":[{"id":1180,"href":"https:\/\/equalityflorida.vote\/es\/wp-json\/wp\/v2\/pages\/1179\/revisions\/1180"}],"wp:attachment":[{"href":"https:\/\/equalityflorida.vote\/es\/wp-json\/wp\/v2\/media?parent=1179"}],"wp:term":[{"taxonomy":"category","embeddable":true,"href":"https:\/\/equalityflorida.vote\/es\/wp-json\/wp\/v2\/categories?post=1179"},{"taxonomy":"post_tag","embeddable":true,"href":"https:\/\/equalityflorida.vote\/es\/wp-json\/wp\/v2\/tags?post=1179"}],"curies":[{"name":"wp","href":"https:\/\/api.w.org\/{rel}","templated":true}]}}