{"id":1053,"date":"2020-10-17T13:54:47","date_gmt":"2020-10-17T13:54:47","guid":{"rendered":"https:\/\/live-equality-florida-votes.pantheonsite.io\/?page_id=1053"},"modified":"2020-11-03T19:53:14","modified_gmt":"2020-11-03T19:53:14","slug":"there-are-3-ways-to-deliver-your-mail-ballot","status":"publish","type":"page","link":"https:\/\/equalityflorida.vote\/es\/deliver\/","title":{"rendered":"Hay 3 maneras seguras de entregar su papeleta"},"content":{"rendered":"<div data-elementor-type=\"wp-page\" data-elementor-id=\"1053\" class=\"elementor elementor-1053\" data-elementor-post-type=\"page\">\n\t\t\t\t\t\t<section class=\"elementor-section elementor-top-section elementor-element elementor-element-e96bfff elementor-section-boxed elementor-section-height-default elementor-section-height-default\" data-id=\"e96bfff\" data-element_type=\"section\">\n\t\t\t\t\t\t<div class=\"elementor-container elementor-column-gap-default\">\n\t\t\t\t\t<div class=\"elementor-column elementor-col-100 elementor-top-column elementor-element elementor-element-f78bdae\" data-id=\"f78bdae\" data-element_type=\"column\">\n\t\t\t<div class=\"elementor-widget-wrap elementor-element-populated\">\n\t\t\t\t\t\t<section class=\"elementor-section elementor-inner-section elementor-element elementor-element-d6ae2b4 elementor-section-boxed elementor-section-height-default elementor-section-height-default\" data-id=\"d6ae2b4\" data-element_type=\"section\">\n\t\t\t\t\t\t<div class=\"elementor-container elementor-column-gap-default\">\n\t\t\t\t\t<div class=\"elementor-column elementor-col-50 elementor-inner-column elementor-element elementor-element-38f8cdb elementor-invisible\" data-id=\"38f8cdb\" data-element_type=\"column\" data-settings=\"{&quot;animation&quot;:&quot;fadeInUp&quot;,&quot;animation_delay&quot;:2500,&quot;background_background&quot;:&quot;classic&quot;}\">\n\t\t\t<div class=\"elementor-widget-wrap elementor-element-populated\">\n\t\t\t\t\t\t<div class=\"elementor-element elementor-element-1f420b0 elementor-view-default elementor-position-top elementor-mobile-position-top elementor-widget elementor-widget-icon-box\" data-id=\"1f420b0\" data-element_type=\"widget\" data-widget_type=\"icon-box.default\">\n\t\t\t\t<div class=\"elementor-widget-container\">\n\t\t\t\t\t\t\t<div class=\"elementor-icon-box-wrapper\">\n\n\t\t\t\t\t\t<div class=\"elementor-icon-box-icon\">\n\t\t\t\t<a href=\"https:\/\/www.deliveryourvote.com\/\" target=\"_blank\" class=\"elementor-icon\" tabindex=\"-1\" aria-label=\"Drop off your ballot at any drop box location\">\n\t\t\t\t<svg xmlns=\"http:\/\/www.w3.org\/2000\/svg\" aria-hidden=\"true\" data-prefix=\"fad\" data-icon=\"box-ballot\" class=\"svg-inline--fa fa-box-ballot fa-w-18\" viewbox=\"0 0 576 512\"><g class=\"fa-group\"><path class=\"fa-secondary\" fill=\"currentColor\" d=\"M144 192l-.5-175.8A16.2 16.2 0 0 1 159.7 0l255.8.6a16 16 0 0 1 16 16L432 192z\" opacity=\"0.4\"><\/path><path class=\"fa-primary\" fill=\"currentColor\" d=\"M0 320v160a32 32 0 0 0 32 32h512a32 32 0 0 0 32-32V320zm574.7-32a8.34 8.34 0 0 0 .8-1.2L520 148.2a32.07 32.07 0 0 0-29.7-20.1h-26.6l.2 64 16 32H95.5l16-32h.5l-.2-64H85.7A32.07 32.07 0 0 0 56 148.2L.4 286.8c.3.5.5.7.8 1.2z\"><\/path><\/g><\/svg>\t\t\t\t<\/a>\n\t\t\t<\/div>\n\t\t\t\n\t\t\t\t\t\t<div class=\"elementor-icon-box-content\">\n\n\t\t\t\t\t\t\t\t\t<h3 class=\"elementor-icon-box-title\">\n\t\t\t\t\t\t<a href=\"https:\/\/www.deliveryourvote.com\/\" target=\"_blank\" >\n\t\t\t\t\t\t\tDrop off your ballot at any drop box location\t\t\t\t\t\t<\/a>\n\t\t\t\t\t<\/h3>\n\t\t\t\t\n\t\t\t\t\t\t\t\t\t<p class=\"elementor-icon-box-description\">\n\t\t\t\t\t\tDeliver your mail ballot at one of your county's drop box locations. Click here to find one near you.\t\t\t\t\t<\/p>\n\t\t\t\t\n\t\t\t<\/div>\n\t\t\t\n\t\t<\/div>\n\t\t\t\t\t\t<\/div>\n\t\t\t\t<\/div>\n\t\t\t\t\t<\/div>\n\t\t<\/div>\n\t\t\t\t<div class=\"elementor-column elementor-col-50 elementor-inner-column elementor-element elementor-element-181f647 elementor-invisible\" data-id=\"181f647\" data-element_type=\"column\" data-settings=\"{&quot;background_background&quot;:&quot;classic&quot;,&quot;animation&quot;:&quot;fadeInUp&quot;,&quot;animation_delay&quot;:3000}\">\n\t\t\t<div class=\"elementor-widget-wrap elementor-element-populated\">\n\t\t\t\t\t\t<div class=\"elementor-element elementor-element-e2204dc elementor-view-default elementor-position-top elementor-mobile-position-top elementor-widget elementor-widget-icon-box\" data-id=\"e2204dc\" data-element_type=\"widget\" data-widget_type=\"icon-box.default\">\n\t\t\t\t<div class=\"elementor-widget-container\">\n\t\t\t\t\t\t\t<div class=\"elementor-icon-box-wrapper\">\n\n\t\t\t\t\t\t<div class=\"elementor-icon-box-icon\">\n\t\t\t\t<a href=\"\/es\/electionday\/\" class=\"elementor-icon\" tabindex=\"-1\" aria-label=\"Vote en persona el D\u00eda de las Elecciones\">\n\t\t\t\t<svg xmlns=\"http:\/\/www.w3.org\/2000\/svg\" aria-hidden=\"true\" data-prefix=\"fad\" data-icon=\"booth-curtain\" class=\"svg-inline--fa fa-booth-curtain fa-w-16\" viewbox=\"0 0 512 512\"><g class=\"fa-group\"><path class=\"fa-secondary\" fill=\"currentColor\" d=\"M480 0h-32v496a16 16 0 0 0 16 16h32a16 16 0 0 0 16-16V32a32 32 0 0 0-32-32zM0 32v464a16 16 0 0 0 16 16h32a16 16 0 0 0 16-16V64h32V0H32A32 32 0 0 0 0 32z\" opacity=\"0.4\"><\/path><path class=\"fa-primary\" fill=\"currentColor\" d=\"M416 0v400a48 48 0 0 1-84.7 31 15.07 15.07 0 0 0-22.6 0 48.11 48.11 0 0 1-73.4 0 15.07 15.07 0 0 0-22.6 0 48 48 0 0 1-84.7-31V0z\"><\/path><\/g><\/svg>\t\t\t\t<\/a>\n\t\t\t<\/div>\n\t\t\t\n\t\t\t\t\t\t<div class=\"elementor-icon-box-content\">\n\n\t\t\t\t\t\t\t\t\t<h3 class=\"elementor-icon-box-title\">\n\t\t\t\t\t\t<a href=\"\/es\/electionday\/\" >\n\t\t\t\t\t\t\tVote en persona el D\u00eda de las Elecciones\t\t\t\t\t\t<\/a>\n\t\t\t\t\t<\/h3>\n\t\t\t\t\n\t\t\t\t\t\t\t\t\t<p class=\"elementor-icon-box-description\">\n\t\t\t\t\t\tPude votar el D\u00eda de las Elecciones si lo prefiere. En su centro de votaci\u00f3n entregue su papeleta un oficial de voto y luego vote regularmente en persona. Presione aqui para encontrar su centro de votaci\u00f3n\t\t\t\t\t<\/p>\n\t\t\t\t\n\t\t\t<\/div>\n\t\t\t\n\t\t<\/div>\n\t\t\t\t\t\t<\/div>\n\t\t\t\t<\/div>\n\t\t\t\t\t<\/div>\n\t\t<\/div>\n\t\t\t\t\t<\/div>\n\t\t<\/section>\n\t\t\t\t\t<\/div>\n\t\t<\/div>\n\t\t\t\t\t<\/div>\n\t\t<\/section>\n\t\t\t\t<\/div>","protected":false},"excerpt":{"rendered":"<p>Deje su papeleta en cualquier buz\u00f3n Entregue su papeleta por correo en uno de los buzones de su condado. Haga clic aqu\u00ed para encontrar uno cerca de usted. Vote en persona el d\u00eda de las elecciones Si lo prefiere, puede votar el d\u00eda de las elecciones. En su lugar de votaci\u00f3n, devuelva su papeleta por correo a un centro de votaci\u00f3n [\u2026]<\/p>","protected":false},"author":1,"featured_media":0,"parent":0,"menu_order":0,"comment_status":"closed","ping_status":"closed","template":"","meta":{"footnotes":""},"categories":[],"tags":[],"class_list":["post-1053","page","type-page","status-publish","hentry"],"yoast_head":"<!-- This site is optimized with the Yoast SEO plugin v25.2 - https:\/\/yoast.com\/wordpress\/plugins\/seo\/ -->\n<title>There are 3 safe and secure ways to deliver your mail ballot - Equality Florida Institute<\/title>\n<meta name=\"robots\" content=\"index, follow, max-snippet:-1, max-image-preview:large, max-video-preview:-1\" \/>\n<link rel=\"canonical\" href=\"https:\/\/equalityflorida.vote\/es\/deliver\/\" \/>\n<meta property=\"og:locale\" content=\"es_MX\" \/>\n<meta property=\"og:type\" content=\"article\" \/>\n<meta property=\"og:title\" content=\"There are 3 safe and secure ways to deliver your mail ballot - Equality Florida Institute\" \/>\n<meta property=\"og:description\" content=\"Drop off your ballot at any drop box location Deliver your mail ballot at one of your county&#8217;s drop box locations. Click here to find one near you. Vote in person on Election Day You can still vote on Election Day if you prefer. At your polling place, return your mail ballot to a poll [&hellip;]\" \/>\n<meta property=\"og:url\" content=\"https:\/\/equalityflorida.vote\/es\/deliver\/\" \/>\n<meta property=\"og:site_name\" content=\"Equality Florida Institute\" \/>\n<meta property=\"article:modified_time\" content=\"2020-11-03T19:53:14+00:00\" \/>\n<meta property=\"og:image\" content=\"https:\/\/equalityflorida.vote\/wp-content\/uploads\/2020\/06\/eqfl-og.jpg\" \/>\n\t<meta property=\"og:image:width\" content=\"1200\" \/>\n\t<meta property=\"og:image:height\" content=\"630\" \/>\n\t<meta property=\"og:image:type\" content=\"image\/jpeg\" \/>\n<meta name=\"twitter:card\" content=\"summary_large_image\" \/>\n<script type=\"application\/ld+json\" class=\"yoast-schema-graph\">{\"@context\":\"https:\/\/schema.org\",\"@graph\":[{\"@type\":\"WebPage\",\"@id\":\"https:\/\/equalityflorida.vote\/es\/deliver\/\",\"url\":\"https:\/\/equalityflorida.vote\/es\/deliver\/\",\"name\":\"There are 3 safe and secure ways to deliver your mail ballot - Equality Florida Institute\",\"isPartOf\":{\"@id\":\"https:\/\/equalityflorida.vote\/es\/#website\"},\"datePublished\":\"2020-10-17T13:54:47+00:00\",\"dateModified\":\"2020-11-03T19:53:14+00:00\",\"breadcrumb\":{\"@id\":\"https:\/\/equalityflorida.vote\/es\/deliver\/#breadcrumb\"},\"inLanguage\":\"es\",\"potentialAction\":[{\"@type\":\"ReadAction\",\"target\":[\"https:\/\/equalityflorida.vote\/es\/deliver\/\"]}]},{\"@type\":\"BreadcrumbList\",\"@id\":\"https:\/\/equalityflorida.vote\/es\/deliver\/#breadcrumb\",\"itemListElement\":[{\"@type\":\"ListItem\",\"position\":1,\"name\":\"Home\",\"item\":\"https:\/\/equalityflorida.vote\/\"},{\"@type\":\"ListItem\",\"position\":2,\"name\":\"There are 3 safe and secure ways to deliver your mail ballot\"}]},{\"@type\":\"WebSite\",\"@id\":\"https:\/\/equalityflorida.vote\/es\/#website\",\"url\":\"https:\/\/equalityflorida.vote\/es\/\",\"name\":\"Make A Plan To Vote\",\"description\":\"\",\"publisher\":{\"@id\":\"https:\/\/equalityflorida.vote\/es\/#organization\"},\"potentialAction\":[{\"@type\":\"SearchAction\",\"target\":{\"@type\":\"EntryPoint\",\"urlTemplate\":\"https:\/\/equalityflorida.vote\/es\/?s={search_term_string}\"},\"query-input\":{\"@type\":\"PropertyValueSpecification\",\"valueRequired\":true,\"valueName\":\"search_term_string\"}}],\"inLanguage\":\"es\"},{\"@type\":\"Organization\",\"@id\":\"https:\/\/equalityflorida.vote\/es\/#organization\",\"name\":\"Make A Plan To Vote\",\"url\":\"https:\/\/equalityflorida.vote\/es\/\",\"logo\":{\"@type\":\"ImageObject\",\"inLanguage\":\"es\",\"@id\":\"https:\/\/equalityflorida.vote\/es\/#\/schema\/logo\/image\/\",\"url\":\"https:\/\/live-equality-florida-votes.pantheonsite.io\/wp-content\/uploads\/2020\/02\/mptv-2020-icon.png\",\"contentUrl\":\"https:\/\/live-equality-florida-votes.pantheonsite.io\/wp-content\/uploads\/2020\/02\/mptv-2020-icon.png\",\"width\":1500,\"height\":1500,\"caption\":\"Make A Plan To Vote\"},\"image\":{\"@id\":\"https:\/\/equalityflorida.vote\/es\/#\/schema\/logo\/image\/\"}}]}<\/script>\n<!-- \/ Yoast SEO plugin. -->","yoast_head_json":{"title":"There are 3 safe and secure ways to deliver your mail ballot - Equality Florida Institute","robots":{"index":"index","follow":"follow","max-snippet":"max-snippet:-1","max-image-preview":"max-image-preview:large","max-video-preview":"max-video-preview:-1"},"canonical":"https:\/\/equalityflorida.vote\/es\/deliver\/","og_locale":"es_MX","og_type":"article","og_title":"There are 3 safe and secure ways to deliver your mail ballot - Equality Florida Institute","og_description":"Drop off your ballot at any drop box location Deliver your mail ballot at one of your county&#8217;s drop box locations. Click here to find one near you. Vote in person on Election Day You can still vote on Election Day if you prefer. At your polling place, return your mail ballot to a poll [&hellip;]","og_url":"https:\/\/equalityflorida.vote\/es\/deliver\/","og_site_name":"Equality Florida Institute","article_modified_time":"2020-11-03T19:53:14+00:00","og_image":[{"width":1200,"height":630,"url":"https:\/\/equalityflorida.vote\/wp-content\/uploads\/2020\/06\/eqfl-og.jpg","type":"image\/jpeg"}],"twitter_card":"summary_large_image","schema":{"@context":"https:\/\/schema.org","@graph":[{"@type":"WebPage","@id":"https:\/\/equalityflorida.vote\/es\/deliver\/","url":"https:\/\/equalityflorida.vote\/es\/deliver\/","name":"There are 3 safe and secure ways to deliver your mail ballot - Equality Florida Institute","isPartOf":{"@id":"https:\/\/equalityflorida.vote\/es\/#website"},"datePublished":"2020-10-17T13:54:47+00:00","dateModified":"2020-11-03T19:53:14+00:00","breadcrumb":{"@id":"https:\/\/equalityflorida.vote\/es\/deliver\/#breadcrumb"},"inLanguage":"es","potentialAction":[{"@type":"ReadAction","target":["https:\/\/equalityflorida.vote\/es\/deliver\/"]}]},{"@type":"BreadcrumbList","@id":"https:\/\/equalityflorida.vote\/es\/deliver\/#breadcrumb","itemListElement":[{"@type":"ListItem","position":1,"name":"Home","item":"https:\/\/equalityflorida.vote\/"},{"@type":"ListItem","position":2,"name":"There are 3 safe and secure ways to deliver your mail ballot"}]},{"@type":"WebSite","@id":"https:\/\/equalityflorida.vote\/es\/#website","url":"https:\/\/equalityflorida.vote\/es\/","name":"Make A Plan To Vote","description":"","publisher":{"@id":"https:\/\/equalityflorida.vote\/es\/#organization"},"potentialAction":[{"@type":"SearchAction","target":{"@type":"EntryPoint","urlTemplate":"https:\/\/equalityflorida.vote\/es\/?s={search_term_string}"},"query-input":{"@type":"PropertyValueSpecification","valueRequired":true,"valueName":"search_term_string"}}],"inLanguage":"es"},{"@type":"Organization","@id":"https:\/\/equalityflorida.vote\/es\/#organization","name":"Make A Plan To Vote","url":"https:\/\/equalityflorida.vote\/es\/","logo":{"@type":"ImageObject","inLanguage":"es","@id":"https:\/\/equalityflorida.vote\/es\/#\/schema\/logo\/image\/","url":"https:\/\/live-equality-florida-votes.pantheonsite.io\/wp-content\/uploads\/2020\/02\/mptv-2020-icon.png","contentUrl":"https:\/\/live-equality-florida-votes.pantheonsite.io\/wp-content\/uploads\/2020\/02\/mptv-2020-icon.png","width":1500,"height":1500,"caption":"Make A Plan To Vote"},"image":{"@id":"https:\/\/equalityflorida.vote\/es\/#\/schema\/logo\/image\/"}}]}},"_links":{"self":[{"href":"https:\/\/equalityflorida.vote\/es\/wp-json\/wp\/v2\/pages\/1053","targetHints":{"allow":["GET"]}}],"collection":[{"href":"https:\/\/equalityflorida.vote\/es\/wp-json\/wp\/v2\/pages"}],"about":[{"href":"https:\/\/equalityflorida.vote\/es\/wp-json\/wp\/v2\/types\/page"}],"author":[{"embeddable":true,"href":"https:\/\/equalityflorida.vote\/es\/wp-json\/wp\/v2\/users\/1"}],"replies":[{"embeddable":true,"href":"https:\/\/equalityflorida.vote\/es\/wp-json\/wp\/v2\/comments?post=1053"}],"version-history":[{"count":11,"href":"https:\/\/equalityflorida.vote\/es\/wp-json\/wp\/v2\/pages\/1053\/revisions"}],"predecessor-version":[{"id":1071,"href":"https:\/\/equalityflorida.vote\/es\/wp-json\/wp\/v2\/pages\/1053\/revisions\/1071"}],"wp:attachment":[{"href":"https:\/\/equalityflorida.vote\/es\/wp-json\/wp\/v2\/media?parent=1053"}],"wp:term":[{"taxonomy":"category","embeddable":true,"href":"https:\/\/equalityflorida.vote\/es\/wp-json\/wp\/v2\/categories?post=1053"},{"taxonomy":"post_tag","embeddable":true,"href":"https:\/\/equalityflorida.vote\/es\/wp-json\/wp\/v2\/tags?post=1053"}],"curies":[{"name":"wp","href":"https:\/\/api.w.org\/{rel}","templated":true}]}}