{"id":1047,"date":"2020-10-17T13:15:25","date_gmt":"2020-10-17T13:15:25","guid":{"rendered":"https:\/\/live-equality-florida-votes.pantheonsite.io\/?page_id=1047"},"modified":"2020-10-17T13:23:32","modified_gmt":"2020-10-17T13:23:32","slug":"find-your-closest-early-voting-location","status":"publish","type":"page","link":"https:\/\/equalityflorida.vote\/es\/early\/","title":{"rendered":"Encuentra tu centro de votaci\u00f3n temprana m\u00e1s cercano"},"content":{"rendered":"<div data-elementor-type=\"wp-page\" data-elementor-id=\"1047\" class=\"elementor elementor-1047\" data-elementor-post-type=\"page\">\n\t\t\t\t\t\t<section class=\"elementor-section elementor-top-section elementor-element elementor-element-2fd95a6 elementor-section-boxed elementor-section-height-default elementor-section-height-default\" data-id=\"2fd95a6\" data-element_type=\"section\">\n\t\t\t\t\t\t<div class=\"elementor-container elementor-column-gap-default\">\n\t\t\t\t\t<div class=\"elementor-column elementor-col-100 elementor-top-column elementor-element elementor-element-8218461\" data-id=\"8218461\" data-element_type=\"column\">\n\t\t\t<div class=\"elementor-widget-wrap elementor-element-populated\">\n\t\t\t\t\t\t<div class=\"elementor-element elementor-element-37dc1f3 elementor-widget elementor-widget-text-editor\" data-id=\"37dc1f3\" data-element_type=\"widget\" data-widget_type=\"text-editor.default\">\n\t\t\t\t<div class=\"elementor-widget-container\">\n\t\t\t\t\t\t\t\t\t<p><strong>Selecciona el condado en el que est\u00e1s registrado para votar<\/strong> para encontrar los centros de votaci\u00f3n temprana m\u00e1s cercanos y sus horarios.<\/p>\t\t\t\t\t\t\t\t<\/div>\n\t\t\t\t<\/div>\n\t\t\t\t<div class=\"elementor-element elementor-element-6885ebb elementor-widget elementor-widget-html\" data-id=\"6885ebb\" data-element_type=\"widget\" data-widget_type=\"html.default\">\n\t\t\t\t<div class=\"elementor-widget-container\">\n\t\t\t\t\t<style>\r\n    #map {\r\n        max-height: 500px;\r\n    }\r\n    \r\n    h6.infoTitle {\r\n        border-bottom: 1px solid #eee;\r\n        padding-bottom: 0.25em;\r\n        margin-bottom: 0.25em;\r\n    }\r\n    \r\n    p.infoContent {\r\n        margin: 0;\r\n        padding: 0 0 0.5em 0;\r\n    }\r\n<\/style>\r\n\r\n<div>\r\n    <select id=\"counties\">\r\n        <option value=\"0\">Seleccione Condado<\/option>\r\n\t<\/select>\r\n<\/div>\r\n\r\n<div class=\"Map_Container center-align\">\r\n    <div id=\"map\"><\/div>\r\n<\/div>\t\t\t\t<\/div>\n\t\t\t\t<\/div>\n\t\t\t\t<div class=\"elementor-element elementor-element-0532aec elementor-widget elementor-widget-heading\" data-id=\"0532aec\" data-element_type=\"widget\" data-widget_type=\"heading.default\">\n\t\t\t\t<div class=\"elementor-widget-container\">\n\t\t\t\t\t<h3 class=\"elementor-heading-title elementor-size-default\">C\u00f3mo votar temprano<\/h3>\t\t\t\t<\/div>\n\t\t\t\t<\/div>\n\t\t\t\t<div class=\"elementor-element elementor-element-5be9af6 elementor-widget elementor-widget-text-editor\" data-id=\"5be9af6\" data-element_type=\"widget\" data-widget_type=\"text-editor.default\">\n\t\t\t\t<div class=\"elementor-widget-container\">\n\t\t\t\t\t\t\t\t\t<ul><li>Los votantes de Florida pueden votar temprano comenzando el 19 de octubre en la mayor\u00eda de los condados y el 24 en todos. La votaci\u00f3n temprana en persona termina el 31 de octubre o el 1 de noviembre, dependiendo de tu condado.<br \/><br \/><\/li><li>Los votantes con una boleta de voto por correo pueden entregarla en cualquier centro de votaci\u00f3n temprana.<br \/><br \/><\/li><li>Solo puedes votar temprano en los centros de votaci\u00f3n del condado en el que est\u00e1s registrado para votar.<br \/><br \/><\/li><li>Para votar temprano, debes presentar una identificaci\u00f3n v\u00e1lida con foto, incluyendo una con firma. Las identificaciones v\u00e1lidas incluyen la licencia de conducir de Florida, pasaporte americano, identificaciones de estudiante, militar, de asistencia p\u00fablica y <span style=\"text-decoration: underline;\"><a href=\"https:\/\/www.voteriders.org\/states\/florida\/\" target=\"_blank\" rel=\"noopener\">otras<\/a><\/span>. No necesitas una identificaci\u00f3n para depositar tu boleta de voto por correo en los buzones oficiales.<\/li><\/ul>\t\t\t\t\t\t\t\t<\/div>\n\t\t\t\t<\/div>\n\t\t\t\t\t<\/div>\n\t\t<\/div>\n\t\t\t\t\t<\/div>\n\t\t<\/section>\n\t\t\t\t<\/div>","protected":false},"excerpt":{"rendered":"<p>Seleccione el condado en el que est\u00e1 registrado para votar para encontrar los lugares de votaci\u00f3n anticipada y sus horarios de atenci\u00f3n m\u00e1s cercanos a usted. Seleccione el condado C\u00f3mo votar anticipadamente Los votantes de Florida pueden votar anticipadamente a partir del 19 de octubre en la mayor\u00eda de los condados y el 24 de octubre en todos los lugares. La votaci\u00f3n anticipada en persona finaliza el s\u00e1bado 31 de octubre o el domingo 1 de noviembre, seg\u00fan [\u2026]<\/p>","protected":false},"author":1,"featured_media":0,"parent":0,"menu_order":0,"comment_status":"closed","ping_status":"closed","template":"","meta":{"footnotes":""},"categories":[],"tags":[],"class_list":["post-1047","page","type-page","status-publish","hentry"],"yoast_head":"<!-- This site is optimized with the Yoast SEO plugin v25.2 - https:\/\/yoast.com\/wordpress\/plugins\/seo\/ -->\n<title>Find Your Closest Early Voting Location - Equality Florida Institute<\/title>\n<meta name=\"robots\" content=\"index, follow, max-snippet:-1, max-image-preview:large, max-video-preview:-1\" \/>\n<link rel=\"canonical\" href=\"https:\/\/equalityflorida.vote\/es\/early\/\" \/>\n<meta property=\"og:locale\" content=\"es_MX\" \/>\n<meta property=\"og:type\" content=\"article\" \/>\n<meta property=\"og:title\" content=\"Find Your Closest Early Voting Location - Equality Florida Institute\" \/>\n<meta property=\"og:description\" content=\"Select the county where you&#8217;re registered to vote to find early voting locations, and their operating hours, closest to you. Select County How To Vote Early Florida voters can vote early starting Oct. 19th in most counties and Oct. 24th everywhere. In person early voting ends Saturday Oct. 31 or Sunday Nov. 1, depending on [&hellip;]\" \/>\n<meta property=\"og:url\" content=\"https:\/\/equalityflorida.vote\/es\/early\/\" \/>\n<meta property=\"og:site_name\" content=\"Equality Florida Institute\" \/>\n<meta property=\"article:modified_time\" content=\"2020-10-17T13:23:32+00:00\" \/>\n<meta property=\"og:image\" content=\"https:\/\/equalityflorida.vote\/wp-content\/uploads\/2020\/06\/eqfl-og.jpg\" \/>\n\t<meta property=\"og:image:width\" content=\"1200\" \/>\n\t<meta property=\"og:image:height\" content=\"630\" \/>\n\t<meta property=\"og:image:type\" content=\"image\/jpeg\" \/>\n<meta name=\"twitter:card\" content=\"summary_large_image\" \/>\n<meta name=\"twitter:label1\" content=\"Tiempo de lectura\" \/>\n\t<meta name=\"twitter:data1\" content=\"1 minuto\" \/>\n<script type=\"application\/ld+json\" class=\"yoast-schema-graph\">{\"@context\":\"https:\/\/schema.org\",\"@graph\":[{\"@type\":\"WebPage\",\"@id\":\"https:\/\/equalityflorida.vote\/es\/early\/\",\"url\":\"https:\/\/equalityflorida.vote\/es\/early\/\",\"name\":\"Find Your Closest Early Voting Location - Equality Florida Institute\",\"isPartOf\":{\"@id\":\"https:\/\/equalityflorida.vote\/es\/#website\"},\"datePublished\":\"2020-10-17T13:15:25+00:00\",\"dateModified\":\"2020-10-17T13:23:32+00:00\",\"breadcrumb\":{\"@id\":\"https:\/\/equalityflorida.vote\/es\/early\/#breadcrumb\"},\"inLanguage\":\"es\",\"potentialAction\":[{\"@type\":\"ReadAction\",\"target\":[\"https:\/\/equalityflorida.vote\/es\/early\/\"]}]},{\"@type\":\"BreadcrumbList\",\"@id\":\"https:\/\/equalityflorida.vote\/es\/early\/#breadcrumb\",\"itemListElement\":[{\"@type\":\"ListItem\",\"position\":1,\"name\":\"Home\",\"item\":\"https:\/\/equalityflorida.vote\/\"},{\"@type\":\"ListItem\",\"position\":2,\"name\":\"Find Your Closest Early Voting Location\"}]},{\"@type\":\"WebSite\",\"@id\":\"https:\/\/equalityflorida.vote\/es\/#website\",\"url\":\"https:\/\/equalityflorida.vote\/es\/\",\"name\":\"Make A Plan To Vote\",\"description\":\"\",\"publisher\":{\"@id\":\"https:\/\/equalityflorida.vote\/es\/#organization\"},\"potentialAction\":[{\"@type\":\"SearchAction\",\"target\":{\"@type\":\"EntryPoint\",\"urlTemplate\":\"https:\/\/equalityflorida.vote\/es\/?s={search_term_string}\"},\"query-input\":{\"@type\":\"PropertyValueSpecification\",\"valueRequired\":true,\"valueName\":\"search_term_string\"}}],\"inLanguage\":\"es\"},{\"@type\":\"Organization\",\"@id\":\"https:\/\/equalityflorida.vote\/es\/#organization\",\"name\":\"Make A Plan To Vote\",\"url\":\"https:\/\/equalityflorida.vote\/es\/\",\"logo\":{\"@type\":\"ImageObject\",\"inLanguage\":\"es\",\"@id\":\"https:\/\/equalityflorida.vote\/es\/#\/schema\/logo\/image\/\",\"url\":\"https:\/\/live-equality-florida-votes.pantheonsite.io\/wp-content\/uploads\/2020\/02\/mptv-2020-icon.png\",\"contentUrl\":\"https:\/\/live-equality-florida-votes.pantheonsite.io\/wp-content\/uploads\/2020\/02\/mptv-2020-icon.png\",\"width\":1500,\"height\":1500,\"caption\":\"Make A Plan To Vote\"},\"image\":{\"@id\":\"https:\/\/equalityflorida.vote\/es\/#\/schema\/logo\/image\/\"}}]}<\/script>\n<!-- \/ Yoast SEO plugin. -->","yoast_head_json":{"title":"Find Your Closest Early Voting Location - Equality Florida Institute","robots":{"index":"index","follow":"follow","max-snippet":"max-snippet:-1","max-image-preview":"max-image-preview:large","max-video-preview":"max-video-preview:-1"},"canonical":"https:\/\/equalityflorida.vote\/es\/early\/","og_locale":"es_MX","og_type":"article","og_title":"Find Your Closest Early Voting Location - Equality Florida Institute","og_description":"Select the county where you&#8217;re registered to vote to find early voting locations, and their operating hours, closest to you. Select County How To Vote Early Florida voters can vote early starting Oct. 19th in most counties and Oct. 24th everywhere. In person early voting ends Saturday Oct. 31 or Sunday Nov. 1, depending on [&hellip;]","og_url":"https:\/\/equalityflorida.vote\/es\/early\/","og_site_name":"Equality Florida Institute","article_modified_time":"2020-10-17T13:23:32+00:00","og_image":[{"width":1200,"height":630,"url":"https:\/\/equalityflorida.vote\/wp-content\/uploads\/2020\/06\/eqfl-og.jpg","type":"image\/jpeg"}],"twitter_card":"summary_large_image","twitter_misc":{"Tiempo de lectura":"1 minuto"},"schema":{"@context":"https:\/\/schema.org","@graph":[{"@type":"WebPage","@id":"https:\/\/equalityflorida.vote\/es\/early\/","url":"https:\/\/equalityflorida.vote\/es\/early\/","name":"Find Your Closest Early Voting Location - Equality Florida Institute","isPartOf":{"@id":"https:\/\/equalityflorida.vote\/es\/#website"},"datePublished":"2020-10-17T13:15:25+00:00","dateModified":"2020-10-17T13:23:32+00:00","breadcrumb":{"@id":"https:\/\/equalityflorida.vote\/es\/early\/#breadcrumb"},"inLanguage":"es","potentialAction":[{"@type":"ReadAction","target":["https:\/\/equalityflorida.vote\/es\/early\/"]}]},{"@type":"BreadcrumbList","@id":"https:\/\/equalityflorida.vote\/es\/early\/#breadcrumb","itemListElement":[{"@type":"ListItem","position":1,"name":"Home","item":"https:\/\/equalityflorida.vote\/"},{"@type":"ListItem","position":2,"name":"Find Your Closest Early Voting Location"}]},{"@type":"WebSite","@id":"https:\/\/equalityflorida.vote\/es\/#website","url":"https:\/\/equalityflorida.vote\/es\/","name":"Make A Plan To Vote","description":"","publisher":{"@id":"https:\/\/equalityflorida.vote\/es\/#organization"},"potentialAction":[{"@type":"SearchAction","target":{"@type":"EntryPoint","urlTemplate":"https:\/\/equalityflorida.vote\/es\/?s={search_term_string}"},"query-input":{"@type":"PropertyValueSpecification","valueRequired":true,"valueName":"search_term_string"}}],"inLanguage":"es"},{"@type":"Organization","@id":"https:\/\/equalityflorida.vote\/es\/#organization","name":"Make A Plan To Vote","url":"https:\/\/equalityflorida.vote\/es\/","logo":{"@type":"ImageObject","inLanguage":"es","@id":"https:\/\/equalityflorida.vote\/es\/#\/schema\/logo\/image\/","url":"https:\/\/live-equality-florida-votes.pantheonsite.io\/wp-content\/uploads\/2020\/02\/mptv-2020-icon.png","contentUrl":"https:\/\/live-equality-florida-votes.pantheonsite.io\/wp-content\/uploads\/2020\/02\/mptv-2020-icon.png","width":1500,"height":1500,"caption":"Make A Plan To Vote"},"image":{"@id":"https:\/\/equalityflorida.vote\/es\/#\/schema\/logo\/image\/"}}]}},"_links":{"self":[{"href":"https:\/\/equalityflorida.vote\/es\/wp-json\/wp\/v2\/pages\/1047","targetHints":{"allow":["GET"]}}],"collection":[{"href":"https:\/\/equalityflorida.vote\/es\/wp-json\/wp\/v2\/pages"}],"about":[{"href":"https:\/\/equalityflorida.vote\/es\/wp-json\/wp\/v2\/types\/page"}],"author":[{"embeddable":true,"href":"https:\/\/equalityflorida.vote\/es\/wp-json\/wp\/v2\/users\/1"}],"replies":[{"embeddable":true,"href":"https:\/\/equalityflorida.vote\/es\/wp-json\/wp\/v2\/comments?post=1047"}],"version-history":[{"count":4,"href":"https:\/\/equalityflorida.vote\/es\/wp-json\/wp\/v2\/pages\/1047\/revisions"}],"predecessor-version":[{"id":1052,"href":"https:\/\/equalityflorida.vote\/es\/wp-json\/wp\/v2\/pages\/1047\/revisions\/1052"}],"wp:attachment":[{"href":"https:\/\/equalityflorida.vote\/es\/wp-json\/wp\/v2\/media?parent=1047"}],"wp:term":[{"taxonomy":"category","embeddable":true,"href":"https:\/\/equalityflorida.vote\/es\/wp-json\/wp\/v2\/categories?post=1047"},{"taxonomy":"post_tag","embeddable":true,"href":"https:\/\/equalityflorida.vote\/es\/wp-json\/wp\/v2\/tags?post=1047"}],"curies":[{"name":"wp","href":"https:\/\/api.w.org\/{rel}","templated":true}]}}