{"id":1037,"date":"2020-10-07T17:25:39","date_gmt":"2020-10-07T17:25:39","guid":{"rendered":"https:\/\/live-equality-florida-votes.pantheonsite.io\/?page_id=1037"},"modified":"2024-10-10T18:45:21","modified_gmt":"2024-10-10T18:45:21","slug":"front-page-2","status":"publish","type":"page","link":"https:\/\/equalityflorida.vote\/es\/","title":{"rendered":"P\u00e1gina de inicio \u2013 Publicaci\u00f3n OVR"},"content":{"rendered":"<div data-elementor-type=\"wp-page\" data-elementor-id=\"1037\" class=\"elementor elementor-1037\" data-elementor-post-type=\"page\">\n\t\t\t\t\t\t<section class=\"elementor-section elementor-top-section elementor-element elementor-element-7ad3030 elementor-section-full_width elementor-section-height-min-height elementor-section-items-top elementor-section-height-default\" data-id=\"7ad3030\" data-element_type=\"section\">\n\t\t\t\t\t\t<div class=\"elementor-container elementor-column-gap-default\">\n\t\t\t\t\t<div class=\"elementor-column elementor-col-100 elementor-top-column elementor-element elementor-element-b887382\" data-id=\"b887382\" data-element_type=\"column\">\n\t\t\t<div class=\"elementor-widget-wrap elementor-element-populated\">\n\t\t\t\t\t\t<section class=\"elementor-section elementor-inner-section elementor-element elementor-element-956b34a elementor-section-boxed elementor-section-height-default elementor-section-height-default\" data-id=\"956b34a\" data-element_type=\"section\">\n\t\t\t\t\t\t<div class=\"elementor-container elementor-column-gap-default\">\n\t\t\t\t\t<div class=\"elementor-column elementor-col-100 elementor-inner-column elementor-element elementor-element-2f5b6c0\" data-id=\"2f5b6c0\" data-element_type=\"column\">\n\t\t\t<div class=\"elementor-widget-wrap elementor-element-populated\">\n\t\t\t\t\t\t<div class=\"elementor-element elementor-element-79a2bf0 elementor-invisible elementor-widget elementor-widget-heading\" data-id=\"79a2bf0\" data-element_type=\"widget\" data-settings=\"{&quot;_animation&quot;:&quot;fadeIn&quot;}\" data-widget_type=\"heading.default\">\n\t\t\t\t<div class=\"elementor-widget-container\">\n\t\t\t\t\t<h1 class=\"elementor-heading-title elementor-size-default\">Vamos a empezar su plan para votar.<\/h1>\t\t\t\t<\/div>\n\t\t\t\t<\/div>\n\t\t\t\t\t<\/div>\n\t\t<\/div>\n\t\t\t\t\t<\/div>\n\t\t<\/section>\n\t\t\t\t<section class=\"elementor-section elementor-inner-section elementor-element elementor-element-cefac4c elementor-section-boxed elementor-section-height-default elementor-section-height-default\" data-id=\"cefac4c\" data-element_type=\"section\">\n\t\t\t\t\t\t<div class=\"elementor-container elementor-column-gap-default\">\n\t\t\t\t\t<div class=\"elementor-column elementor-col-50 elementor-inner-column elementor-element elementor-element-4e9d42a elementor-invisible\" data-id=\"4e9d42a\" data-element_type=\"column\" data-settings=\"{&quot;background_background&quot;:&quot;classic&quot;,&quot;animation&quot;:&quot;fadeInUp&quot;,&quot;animation_delay&quot;:500,&quot;animation_mobile&quot;:&quot;fadeIn&quot;}\">\n\t\t\t<div class=\"elementor-widget-wrap elementor-element-populated\">\n\t\t\t\t\t\t<div class=\"elementor-element elementor-element-adbb7b6 elementor-view-default elementor-position-top elementor-mobile-position-top elementor-widget elementor-widget-icon-box\" data-id=\"adbb7b6\" data-element_type=\"widget\" data-widget_type=\"icon-box.default\">\n\t\t\t\t<div class=\"elementor-widget-container\">\n\t\t\t\t\t\t\t<div class=\"elementor-icon-box-wrapper\">\n\n\t\t\t\t\t\t<div class=\"elementor-icon-box-icon\">\n\t\t\t\t<a href=\"\/es\/return-your-mail-in-ballot\/\" class=\"elementor-icon\" tabindex=\"-1\" aria-label=\"Me gustar\u00eda entregar una boleta de votaci\u00f3n por correo.\">\n\t\t\t\t<svg xmlns=\"http:\/\/www.w3.org\/2000\/svg\" viewbox=\"0 0 576 512\"><path class=\"fa-secondary\" opacity=\".4\" d=\"M144 64c79.5 0 144 64.5 144 144l0 176c0 35.3-28.7 64-64 64l288 0c35.3 0 64-28.7 64-64l0-176c0-56.5-32.6-105.5-80-129l0 17c0 8.8-7.2 16-16 16l-64 0 0 96c0 8.8-7.2 16-16 16s-16-7.2-16-16l0-112 0-32L144 64z\"><\/path><path class=\"fa-primary\" d=\"M400 224c-8.8 0-16-7.2-16-16l0-112 0-48c0-8.8 7.2-16 16-16l80 0c8.8 0 16 7.2 16 16l0 48c0 8.8-7.2 16-16 16l-64 0 0 96c0 8.8-7.2 16-16 16zM0 208C0 128.5 64.5 64 144 64s144 64.5 144 144l0 176c0 35.3-28.7 64-64 64L64 448c-35.3 0-64-28.7-64-64L0 208zm64 0c0 8.8 7.2 16 16 16l128 0c8.8 0 16-7.2 16-16s-7.2-16-16-16L80 192c-8.8 0-16 7.2-16 16z\"><\/path><\/svg>\t\t\t\t<\/a>\n\t\t\t<\/div>\n\t\t\t\n\t\t\t\t\t\t<div class=\"elementor-icon-box-content\">\n\n\t\t\t\t\t\t\t\t\t<h3 class=\"elementor-icon-box-title\">\n\t\t\t\t\t\t<a href=\"\/es\/return-your-mail-in-ballot\/\" >\n\t\t\t\t\t\t\tMe gustar\u00eda entregar una boleta de votaci\u00f3n por correo.\t\t\t\t\t\t<\/a>\n\t\t\t\t\t<\/h3>\n\t\t\t\t\n\t\t\t\t\n\t\t\t<\/div>\n\t\t\t\n\t\t<\/div>\n\t\t\t\t\t\t<\/div>\n\t\t\t\t<\/div>\n\t\t\t\t\t<\/div>\n\t\t<\/div>\n\t\t\t\t<div class=\"elementor-column elementor-col-50 elementor-inner-column elementor-element elementor-element-4b915b9 elementor-invisible\" data-id=\"4b915b9\" data-element_type=\"column\" data-settings=\"{&quot;background_background&quot;:&quot;classic&quot;,&quot;animation&quot;:&quot;fadeInUp&quot;,&quot;animation_delay&quot;:500,&quot;animation_mobile&quot;:&quot;fadeIn&quot;}\">\n\t\t\t<div class=\"elementor-widget-wrap elementor-element-populated\">\n\t\t\t\t\t\t<div class=\"elementor-element elementor-element-cd2812f elementor-view-default elementor-position-top elementor-mobile-position-top elementor-widget elementor-widget-icon-box\" data-id=\"cd2812f\" data-element_type=\"widget\" data-widget_type=\"icon-box.default\">\n\t\t\t\t<div class=\"elementor-widget-container\">\n\t\t\t\t\t\t\t<div class=\"elementor-icon-box-wrapper\">\n\n\t\t\t\t\t\t<div class=\"elementor-icon-box-icon\">\n\t\t\t\t<a href=\"\/es\/bymail\/\" class=\"elementor-icon\" tabindex=\"-1\" aria-label=\"Me gustar\u00eda registrarme para votar por correo.\">\n\t\t\t\t<svg xmlns=\"http:\/\/www.w3.org\/2000\/svg\" aria-hidden=\"true\" data-prefix=\"fad\" data-icon=\"mail-bulk\" class=\"svg-inline--fa fa-mail-bulk fa-w-18\" viewbox=\"0 0 576 512\"><g class=\"fa-group\"><path class=\"fa-secondary\" fill=\"currentColor\" d=\"M288 256H32a32 32 0 0 0-32 32v16c25.6 19.2 22.4 19.2 115.2 86.4 9.6 6.4 28.8 25.6 44.8 25.6s35.2-19.2 44.8-22.4c92.8-67.2 89.6-67.2 115.2-86.4V288a32 32 0 0 0-32-32zM160 448c-25.6 0-51.2-22.4-64-32-64-44.8-83.2-60.8-96-70.4V480a32 32 0 0 0 32 32h256a32 32 0 0 0 32-32V345.6c-12.8 9.6-32 25.6-96 70.4-12.8 9.6-38.4 32-64 32zm288-224v64h64v-64z\" opacity=\"0.4\"><\/path><path class=\"fa-primary\" fill=\"currentColor\" d=\"M544 160H224a32 32 0 0 0-32 32v32h96a64.09 64.09 0 0 1 63.71 57.82l.29-.22V416h192a32 32 0 0 0 32-32V192a32 32 0 0 0-32-32zm-32 128h-64v-64h64zm-64-160V32a32 32 0 0 0-32-32H96a32 32 0 0 0-32 32v192h96v-32a64.07 64.07 0 0 1 64-64z\"><\/path><\/g><\/svg>\t\t\t\t<\/a>\n\t\t\t<\/div>\n\t\t\t\n\t\t\t\t\t\t<div class=\"elementor-icon-box-content\">\n\n\t\t\t\t\t\t\t\t\t<h3 class=\"elementor-icon-box-title\">\n\t\t\t\t\t\t<a href=\"\/es\/bymail\/\" >\n\t\t\t\t\t\t\tMe gustar\u00eda registrarme para votar por correo.\t\t\t\t\t\t<\/a>\n\t\t\t\t\t<\/h3>\n\t\t\t\t\n\t\t\t\t\n\t\t\t<\/div>\n\t\t\t\n\t\t<\/div>\n\t\t\t\t\t\t<\/div>\n\t\t\t\t<\/div>\n\t\t\t\t\t<\/div>\n\t\t<\/div>\n\t\t\t\t\t<\/div>\n\t\t<\/section>\n\t\t\t\t<section class=\"elementor-section elementor-inner-section elementor-element elementor-element-29c3d05 elementor-section-boxed elementor-section-height-default elementor-section-height-default\" data-id=\"29c3d05\" data-element_type=\"section\">\n\t\t\t\t\t\t<div class=\"elementor-container elementor-column-gap-default\">\n\t\t\t\t\t<div class=\"elementor-column elementor-col-50 elementor-inner-column elementor-element elementor-element-9f30c56 elementor-invisible\" data-id=\"9f30c56\" data-element_type=\"column\" data-settings=\"{&quot;background_background&quot;:&quot;classic&quot;,&quot;animation&quot;:&quot;fadeInUp&quot;,&quot;animation_delay&quot;:500,&quot;animation_mobile&quot;:&quot;fadeIn&quot;}\">\n\t\t\t<div class=\"elementor-widget-wrap elementor-element-populated\">\n\t\t\t\t\t\t<div class=\"elementor-element elementor-element-98bb112 elementor-view-default elementor-position-top elementor-mobile-position-top elementor-widget elementor-widget-icon-box\" data-id=\"98bb112\" data-element_type=\"widget\" data-widget_type=\"icon-box.default\">\n\t\t\t\t<div class=\"elementor-widget-container\">\n\t\t\t\t\t\t\t<div class=\"elementor-icon-box-wrapper\">\n\n\t\t\t\t\t\t<div class=\"elementor-icon-box-icon\">\n\t\t\t\t<a href=\"\/es\/early\/\" class=\"elementor-icon\" tabindex=\"-1\" aria-label=\"Me gustar\u00eda encontrar un lugar para la votaci\u00f3n anticipada.\">\n\t\t\t\t<svg xmlns=\"http:\/\/www.w3.org\/2000\/svg\" aria-hidden=\"true\" data-prefix=\"fad\" data-icon=\"alarm-clock\" class=\"svg-inline--fa fa-alarm-clock fa-w-16\" viewbox=\"0 0 512 512\"><g class=\"fa-group\"><path class=\"fa-secondary\" fill=\"currentColor\" d=\"M474.49 462.06L434.55 422a223.25 223.25 0 0 0 44.61-134c0-123.71-99.9-224-223.14-224S32.88 164.29 32.88 288a223.25 223.25 0 0 0 44.61 134l-39.95 40.06a16.05 16.05 0 0 0 0 22.63l22.54 22.62a15.9 15.9 0 0 0 22.47.07l.07-.07 39.94-40.09a221.26 221.26 0 0 0 266.92 0l39.94 40.09a15.9 15.9 0 0 0 22.47.07l.07-.07 22.53-22.62a16 16 0 0 0 0-22.63zM346 355.51l-20 25a16 16 0 0 1-22.49 2.5L239 331.39a40 40 0 0 1-15-31.23V176a16 16 0 0 1 16-16h32a16 16 0 0 1 16 16v112.62L343.5 333a16 16 0 0 1 2.5 22.51z\" opacity=\"0.4\"><\/path><path class=\"fa-primary\" fill=\"currentColor\" d=\"M1 96a95.08 95.08 0 0 0 15.24 51.26L161.57 25.68A95 95 0 0 0 96.62 0C43.83 0 1 43 1 96zm342.5 237L288 288.62V176a16 16 0 0 0-16-16h-32a16 16 0 0 0-16 16v124.16a40 40 0 0 0 15 31.23L303.51 383a16 16 0 0 0 22.49-2.5l20-25a16 16 0 0 0-2.5-22.5zM415.38 0a95.08 95.08 0 0 0-64.93 25.66l145.33 121.57A95.13 95.13 0 0 0 511 96c0-53-42.83-96-95.62-96z\"><\/path><\/g><\/svg>\t\t\t\t<\/a>\n\t\t\t<\/div>\n\t\t\t\n\t\t\t\t\t\t<div class=\"elementor-icon-box-content\">\n\n\t\t\t\t\t\t\t\t\t<h3 class=\"elementor-icon-box-title\">\n\t\t\t\t\t\t<a href=\"\/es\/early\/\" >\n\t\t\t\t\t\t\tMe gustar\u00eda encontrar un lugar para la votaci\u00f3n anticipada.\t\t\t\t\t\t<\/a>\n\t\t\t\t\t<\/h3>\n\t\t\t\t\n\t\t\t\t\n\t\t\t<\/div>\n\t\t\t\n\t\t<\/div>\n\t\t\t\t\t\t<\/div>\n\t\t\t\t<\/div>\n\t\t\t\t\t<\/div>\n\t\t<\/div>\n\t\t\t\t<div class=\"elementor-column elementor-col-50 elementor-inner-column elementor-element elementor-element-787a765 elementor-invisible\" data-id=\"787a765\" data-element_type=\"column\" data-settings=\"{&quot;background_background&quot;:&quot;classic&quot;,&quot;animation&quot;:&quot;fadeInUp&quot;,&quot;animation_delay&quot;:500,&quot;animation_mobile&quot;:&quot;fadeIn&quot;}\">\n\t\t\t<div class=\"elementor-widget-wrap elementor-element-populated\">\n\t\t\t\t\t\t<div class=\"elementor-element elementor-element-6110e1a elementor-view-default elementor-position-top elementor-mobile-position-top elementor-widget elementor-widget-icon-box\" data-id=\"6110e1a\" data-element_type=\"widget\" data-widget_type=\"icon-box.default\">\n\t\t\t\t<div class=\"elementor-widget-container\">\n\t\t\t\t\t\t\t<div class=\"elementor-icon-box-wrapper\">\n\n\t\t\t\t\t\t<div class=\"elementor-icon-box-icon\">\n\t\t\t\t<a href=\"\/es\/electionday\/\" class=\"elementor-icon\" tabindex=\"-1\" aria-label=\"Quiero votar en mi centro de votaci\u00f3n el d\u00eda de las elecciones.\">\n\t\t\t\t<svg xmlns=\"http:\/\/www.w3.org\/2000\/svg\" aria-hidden=\"true\" data-prefix=\"fad\" data-icon=\"booth-curtain\" class=\"svg-inline--fa fa-booth-curtain fa-w-16\" viewbox=\"0 0 512 512\"><g class=\"fa-group\"><path class=\"fa-secondary\" fill=\"currentColor\" d=\"M480 0h-32v496a16 16 0 0 0 16 16h32a16 16 0 0 0 16-16V32a32 32 0 0 0-32-32zM0 32v464a16 16 0 0 0 16 16h32a16 16 0 0 0 16-16V64h32V0H32A32 32 0 0 0 0 32z\" opacity=\"0.4\"><\/path><path class=\"fa-primary\" fill=\"currentColor\" d=\"M416 0v400a48 48 0 0 1-84.7 31 15.07 15.07 0 0 0-22.6 0 48.11 48.11 0 0 1-73.4 0 15.07 15.07 0 0 0-22.6 0 48 48 0 0 1-84.7-31V0z\"><\/path><\/g><\/svg>\t\t\t\t<\/a>\n\t\t\t<\/div>\n\t\t\t\n\t\t\t\t\t\t<div class=\"elementor-icon-box-content\">\n\n\t\t\t\t\t\t\t\t\t<h3 class=\"elementor-icon-box-title\">\n\t\t\t\t\t\t<a href=\"\/es\/electionday\/\" >\n\t\t\t\t\t\t\tQuiero votar en mi centro de votaci\u00f3n el d\u00eda de las elecciones.\t\t\t\t\t\t<\/a>\n\t\t\t\t\t<\/h3>\n\t\t\t\t\n\t\t\t\t\n\t\t\t<\/div>\n\t\t\t\n\t\t<\/div>\n\t\t\t\t\t\t<\/div>\n\t\t\t\t<\/div>\n\t\t\t\t\t<\/div>\n\t\t<\/div>\n\t\t\t\t\t<\/div>\n\t\t<\/section>\n\t\t\t\t\t<\/div>\n\t\t<\/div>\n\t\t\t\t\t<\/div>\n\t\t<\/section>\n\t\t\t\t<\/div>","protected":false},"excerpt":{"rendered":"<p>Comencemos a elaborar su plan de votaci\u00f3n. Me gustar\u00eda entregar una boleta por correo. Me gustar\u00eda inscribirme para votar por correo. Me gustar\u00eda encontrar un lugar de votaci\u00f3n anticipada. Me gustar\u00eda votar en mi lugar de votaci\u00f3n el d\u00eda de las elecciones.<\/p>","protected":false},"author":1,"featured_media":0,"parent":0,"menu_order":0,"comment_status":"closed","ping_status":"closed","template":"","meta":{"footnotes":""},"categories":[],"tags":[],"class_list":["post-1037","page","type-page","status-publish","hentry"],"yoast_head":"<!-- This site is optimized with the Yoast SEO plugin v25.2 - https:\/\/yoast.com\/wordpress\/plugins\/seo\/ -->\n<title>Equality Florida Institute<\/title>\n<meta name=\"description\" content=\"Hey Florida voter! Start making your plan to vote today: register to vote, sign up to vote by mail, and find early voting or Election Day polling places.\" \/>\n<meta name=\"robots\" content=\"index, follow, max-snippet:-1, max-image-preview:large, max-video-preview:-1\" \/>\n<link rel=\"canonical\" href=\"https:\/\/equalityflorida.vote\/es\/\" \/>\n<meta property=\"og:locale\" content=\"es_MX\" \/>\n<meta property=\"og:type\" content=\"article\" \/>\n<meta property=\"og:title\" content=\"Equality Florida Institute\" \/>\n<meta property=\"og:description\" content=\"Hey Florida voter! Start making your plan to vote today: register to vote, sign up to vote by mail, and find early voting or Election Day polling places.\" \/>\n<meta property=\"og:url\" content=\"https:\/\/equalityflorida.vote\/es\/\" \/>\n<meta property=\"og:site_name\" content=\"Equality Florida Institute\" \/>\n<meta property=\"article:modified_time\" content=\"2024-10-10T18:45:21+00:00\" \/>\n<meta property=\"og:image\" content=\"https:\/\/equalityflorida.vote\/wp-content\/uploads\/2020\/06\/eqfl-og.jpg\" \/>\n\t<meta property=\"og:image:width\" content=\"1200\" \/>\n\t<meta property=\"og:image:height\" content=\"630\" \/>\n\t<meta property=\"og:image:type\" content=\"image\/jpeg\" \/>\n<meta name=\"twitter:card\" content=\"summary_large_image\" \/>\n<meta name=\"twitter:label1\" content=\"Tiempo de lectura\" \/>\n\t<meta name=\"twitter:data1\" content=\"1 minuto\" \/>\n<script type=\"application\/ld+json\" class=\"yoast-schema-graph\">{\"@context\":\"https:\/\/schema.org\",\"@graph\":[{\"@type\":\"WebPage\",\"@id\":\"https:\/\/equalityflorida.vote\/es\/\",\"url\":\"https:\/\/equalityflorida.vote\/es\/\",\"name\":\"Equality Florida Institute\",\"isPartOf\":{\"@id\":\"https:\/\/equalityflorida.vote\/es\/#website\"},\"datePublished\":\"2020-10-07T17:25:39+00:00\",\"dateModified\":\"2024-10-10T18:45:21+00:00\",\"description\":\"Hey Florida voter! Start making your plan to vote today: register to vote, sign up to vote by mail, and find early voting or Election Day polling places.\",\"breadcrumb\":{\"@id\":\"https:\/\/equalityflorida.vote\/es\/#breadcrumb\"},\"inLanguage\":\"es\",\"potentialAction\":[{\"@type\":\"ReadAction\",\"target\":[\"https:\/\/equalityflorida.vote\/es\/\"]}]},{\"@type\":\"BreadcrumbList\",\"@id\":\"https:\/\/equalityflorida.vote\/es\/#breadcrumb\",\"itemListElement\":[{\"@type\":\"ListItem\",\"position\":1,\"name\":\"Home\",\"item\":\"https:\/\/equalityflorida.vote\/\"},{\"@type\":\"ListItem\",\"position\":2,\"name\":\"Front Page &#8211; Post OVR\"}]},{\"@type\":\"WebSite\",\"@id\":\"https:\/\/equalityflorida.vote\/es\/#website\",\"url\":\"https:\/\/equalityflorida.vote\/es\/\",\"name\":\"Make A Plan To Vote\",\"description\":\"\",\"publisher\":{\"@id\":\"https:\/\/equalityflorida.vote\/es\/#organization\"},\"potentialAction\":[{\"@type\":\"SearchAction\",\"target\":{\"@type\":\"EntryPoint\",\"urlTemplate\":\"https:\/\/equalityflorida.vote\/es\/?s={search_term_string}\"},\"query-input\":{\"@type\":\"PropertyValueSpecification\",\"valueRequired\":true,\"valueName\":\"search_term_string\"}}],\"inLanguage\":\"es\"},{\"@type\":\"Organization\",\"@id\":\"https:\/\/equalityflorida.vote\/es\/#organization\",\"name\":\"Make A Plan To Vote\",\"url\":\"https:\/\/equalityflorida.vote\/es\/\",\"logo\":{\"@type\":\"ImageObject\",\"inLanguage\":\"es\",\"@id\":\"https:\/\/equalityflorida.vote\/es\/#\/schema\/logo\/image\/\",\"url\":\"https:\/\/live-equality-florida-votes.pantheonsite.io\/wp-content\/uploads\/2020\/02\/mptv-2020-icon.png\",\"contentUrl\":\"https:\/\/live-equality-florida-votes.pantheonsite.io\/wp-content\/uploads\/2020\/02\/mptv-2020-icon.png\",\"width\":1500,\"height\":1500,\"caption\":\"Make A Plan To Vote\"},\"image\":{\"@id\":\"https:\/\/equalityflorida.vote\/es\/#\/schema\/logo\/image\/\"}}]}<\/script>\n<!-- \/ Yoast SEO plugin. -->","yoast_head_json":{"title":"Equality Florida Institute","description":"Hey Florida voter! Start making your plan to vote today: register to vote, sign up to vote by mail, and find early voting or Election Day polling places.","robots":{"index":"index","follow":"follow","max-snippet":"max-snippet:-1","max-image-preview":"max-image-preview:large","max-video-preview":"max-video-preview:-1"},"canonical":"https:\/\/equalityflorida.vote\/es\/","og_locale":"es_MX","og_type":"article","og_title":"Equality Florida Institute","og_description":"Hey Florida voter! Start making your plan to vote today: register to vote, sign up to vote by mail, and find early voting or Election Day polling places.","og_url":"https:\/\/equalityflorida.vote\/es\/","og_site_name":"Equality Florida Institute","article_modified_time":"2024-10-10T18:45:21+00:00","og_image":[{"width":1200,"height":630,"url":"https:\/\/equalityflorida.vote\/wp-content\/uploads\/2020\/06\/eqfl-og.jpg","type":"image\/jpeg"}],"twitter_card":"summary_large_image","twitter_misc":{"Tiempo de lectura":"1 minuto"},"schema":{"@context":"https:\/\/schema.org","@graph":[{"@type":"WebPage","@id":"https:\/\/equalityflorida.vote\/es\/","url":"https:\/\/equalityflorida.vote\/es\/","name":"Equality Florida Institute","isPartOf":{"@id":"https:\/\/equalityflorida.vote\/es\/#website"},"datePublished":"2020-10-07T17:25:39+00:00","dateModified":"2024-10-10T18:45:21+00:00","description":"Hey Florida voter! Start making your plan to vote today: register to vote, sign up to vote by mail, and find early voting or Election Day polling places.","breadcrumb":{"@id":"https:\/\/equalityflorida.vote\/es\/#breadcrumb"},"inLanguage":"es","potentialAction":[{"@type":"ReadAction","target":["https:\/\/equalityflorida.vote\/es\/"]}]},{"@type":"BreadcrumbList","@id":"https:\/\/equalityflorida.vote\/es\/#breadcrumb","itemListElement":[{"@type":"ListItem","position":1,"name":"Home","item":"https:\/\/equalityflorida.vote\/"},{"@type":"ListItem","position":2,"name":"Front Page &#8211; Post OVR"}]},{"@type":"WebSite","@id":"https:\/\/equalityflorida.vote\/es\/#website","url":"https:\/\/equalityflorida.vote\/es\/","name":"Make A Plan To Vote","description":"","publisher":{"@id":"https:\/\/equalityflorida.vote\/es\/#organization"},"potentialAction":[{"@type":"SearchAction","target":{"@type":"EntryPoint","urlTemplate":"https:\/\/equalityflorida.vote\/es\/?s={search_term_string}"},"query-input":{"@type":"PropertyValueSpecification","valueRequired":true,"valueName":"search_term_string"}}],"inLanguage":"es"},{"@type":"Organization","@id":"https:\/\/equalityflorida.vote\/es\/#organization","name":"Make A Plan To Vote","url":"https:\/\/equalityflorida.vote\/es\/","logo":{"@type":"ImageObject","inLanguage":"es","@id":"https:\/\/equalityflorida.vote\/es\/#\/schema\/logo\/image\/","url":"https:\/\/live-equality-florida-votes.pantheonsite.io\/wp-content\/uploads\/2020\/02\/mptv-2020-icon.png","contentUrl":"https:\/\/live-equality-florida-votes.pantheonsite.io\/wp-content\/uploads\/2020\/02\/mptv-2020-icon.png","width":1500,"height":1500,"caption":"Make A Plan To Vote"},"image":{"@id":"https:\/\/equalityflorida.vote\/es\/#\/schema\/logo\/image\/"}}]}},"_links":{"self":[{"href":"https:\/\/equalityflorida.vote\/es\/wp-json\/wp\/v2\/pages\/1037","targetHints":{"allow":["GET"]}}],"collection":[{"href":"https:\/\/equalityflorida.vote\/es\/wp-json\/wp\/v2\/pages"}],"about":[{"href":"https:\/\/equalityflorida.vote\/es\/wp-json\/wp\/v2\/types\/page"}],"author":[{"embeddable":true,"href":"https:\/\/equalityflorida.vote\/es\/wp-json\/wp\/v2\/users\/1"}],"replies":[{"embeddable":true,"href":"https:\/\/equalityflorida.vote\/es\/wp-json\/wp\/v2\/comments?post=1037"}],"version-history":[{"count":31,"href":"https:\/\/equalityflorida.vote\/es\/wp-json\/wp\/v2\/pages\/1037\/revisions"}],"predecessor-version":[{"id":1185,"href":"https:\/\/equalityflorida.vote\/es\/wp-json\/wp\/v2\/pages\/1037\/revisions\/1185"}],"wp:attachment":[{"href":"https:\/\/equalityflorida.vote\/es\/wp-json\/wp\/v2\/media?parent=1037"}],"wp:term":[{"taxonomy":"category","embeddable":true,"href":"https:\/\/equalityflorida.vote\/es\/wp-json\/wp\/v2\/categories?post=1037"},{"taxonomy":"post_tag","embeddable":true,"href":"https:\/\/equalityflorida.vote\/es\/wp-json\/wp\/v2\/tags?post=1037"}],"curies":[{"name":"wp","href":"https:\/\/api.w.org\/{rel}","templated":true}]}}