{"id":1017,"date":"2020-07-31T18:13:21","date_gmt":"2020-07-31T18:13:21","guid":{"rendered":"https:\/\/live-equality-florida-votes.pantheonsite.io\/?page_id=1017"},"modified":"2020-10-17T13:23:19","modified_gmt":"2020-10-17T13:23:19","slug":"vote-early-3","status":"publish","type":"page","link":"https:\/\/equalityflorida.vote\/es\/early-old2\/","title":{"rendered":"Votaci\u00f3n temprana"},"content":{"rendered":"<div data-elementor-type=\"wp-page\" data-elementor-id=\"1017\" class=\"elementor elementor-1017\" data-elementor-post-type=\"page\">\n\t\t\t\t\t\t<section class=\"elementor-section elementor-top-section elementor-element elementor-element-67a9025 elementor-section-boxed elementor-section-height-default elementor-section-height-default\" data-id=\"67a9025\" data-element_type=\"section\">\n\t\t\t\t\t\t<div class=\"elementor-container elementor-column-gap-default\">\n\t\t\t\t\t<div class=\"elementor-column elementor-col-100 elementor-top-column elementor-element elementor-element-5898817\" data-id=\"5898817\" data-element_type=\"column\">\n\t\t\t<div class=\"elementor-widget-wrap elementor-element-populated\">\n\t\t\t\t\t\t<section class=\"elementor-section elementor-inner-section elementor-element elementor-element-2707763 elementor-section-boxed elementor-section-height-default elementor-section-height-default\" data-id=\"2707763\" data-element_type=\"section\">\n\t\t\t\t\t\t<div class=\"elementor-container elementor-column-gap-default\">\n\t\t\t\t\t<div class=\"elementor-column elementor-col-50 elementor-inner-column elementor-element elementor-element-6149143\" data-id=\"6149143\" data-element_type=\"column\">\n\t\t\t<div class=\"elementor-widget-wrap elementor-element-populated\">\n\t\t\t\t\t\t<div class=\"elementor-element elementor-element-2fc4df2 elementor-widget elementor-widget-text-editor\" data-id=\"2fc4df2\" data-element_type=\"widget\" data-widget_type=\"text-editor.default\">\n\t\t\t\t<div class=\"elementor-widget-container\">\n\t\t\t\t\t\t\t\t\t<p><strong>Escoge el condado en el cual est\u00e1s registrado como votante para encontrar informaci\u00f3n sobre los centros de votaci\u00f3n temprana disponibles en tu \u00e1rea, as\u00ed como los horarios de operaci\u00f3n.<\/strong><\/p><p>En los centros de votaci\u00f3n temprana te pedir\u00e1n que presentes una identificaci\u00f3n v\u00e1lida con foto y firma. Aceptar\u00e1n cualquiera de las identificaciones en esta lista:<\/p>\t\t\t\t\t\t\t\t<\/div>\n\t\t\t\t<\/div>\n\t\t\t\t<div class=\"elementor-element elementor-element-311aee9 elementor-icon-list--layout-traditional elementor-list-item-link-full_width elementor-widget elementor-widget-icon-list\" data-id=\"311aee9\" data-element_type=\"widget\" data-widget_type=\"icon-list.default\">\n\t\t\t\t<div class=\"elementor-widget-container\">\n\t\t\t\t\t\t\t<ul class=\"elementor-icon-list-items\">\n\t\t\t\t\t\t\t<li class=\"elementor-icon-list-item\">\n\t\t\t\t\t\t\t\t\t\t\t<span class=\"elementor-icon-list-icon\">\n\t\t\t\t\t\t\t<i aria-hidden=\"true\" class=\"far fa-address-card\"><\/i>\t\t\t\t\t\t<\/span>\n\t\t\t\t\t\t\t\t\t\t<span class=\"elementor-icon-list-text\">Licencia de conducir o tarjeta de identificaci\u00f3n del estado de la Florida<\/span>\n\t\t\t\t\t\t\t\t\t<\/li>\n\t\t\t\t\t\t\t\t<li class=\"elementor-icon-list-item\">\n\t\t\t\t\t\t\t\t\t\t\t<span class=\"elementor-icon-list-icon\">\n\t\t\t\t\t\t\t<i aria-hidden=\"true\" class=\"far fa-address-card\"><\/i>\t\t\t\t\t\t<\/span>\n\t\t\t\t\t\t\t\t\t\t<span class=\"elementor-icon-list-text\">Pasaporte de los Estados Unidos<\/span>\n\t\t\t\t\t\t\t\t\t<\/li>\n\t\t\t\t\t\t\t\t<li class=\"elementor-icon-list-item\">\n\t\t\t\t\t\t\t\t\t\t\t<span class=\"elementor-icon-list-icon\">\n\t\t\t\t\t\t\t<i aria-hidden=\"true\" class=\"far fa-address-card\"><\/i>\t\t\t\t\t\t<\/span>\n\t\t\t\t\t\t\t\t\t\t<span class=\"elementor-icon-list-text\">Tarjeta de d\u00e9bito o cr\u00e9dito<\/span>\n\t\t\t\t\t\t\t\t\t<\/li>\n\t\t\t\t\t\t\t\t<li class=\"elementor-icon-list-item\">\n\t\t\t\t\t\t\t\t\t\t\t<span class=\"elementor-icon-list-icon\">\n\t\t\t\t\t\t\t<i aria-hidden=\"true\" class=\"far fa-address-card\"><\/i>\t\t\t\t\t\t<\/span>\n\t\t\t\t\t\t\t\t\t\t<span class=\"elementor-icon-list-text\">Identificaci\u00f3n militar<\/span>\n\t\t\t\t\t\t\t\t\t<\/li>\n\t\t\t\t\t\t\t\t<li class=\"elementor-icon-list-item\">\n\t\t\t\t\t\t\t\t\t\t\t<span class=\"elementor-icon-list-icon\">\n\t\t\t\t\t\t\t<i aria-hidden=\"true\" class=\"far fa-address-card\"><\/i>\t\t\t\t\t\t<\/span>\n\t\t\t\t\t\t\t\t\t\t<span class=\"elementor-icon-list-text\">Identificaci\u00f3n de estudiante<\/span>\n\t\t\t\t\t\t\t\t\t<\/li>\n\t\t\t\t\t\t\t\t<li class=\"elementor-icon-list-item\">\n\t\t\t\t\t\t\t\t\t\t\t<span class=\"elementor-icon-list-icon\">\n\t\t\t\t\t\t\t<i aria-hidden=\"true\" class=\"far fa-address-card\"><\/i>\t\t\t\t\t\t<\/span>\n\t\t\t\t\t\t\t\t\t\t<span class=\"elementor-icon-list-text\">Identificaci\u00f3n del centro de jubilaci\u00f3n<\/span>\n\t\t\t\t\t\t\t\t\t<\/li>\n\t\t\t\t\t\t\t\t<li class=\"elementor-icon-list-item\">\n\t\t\t\t\t\t\t\t\t\t\t<span class=\"elementor-icon-list-icon\">\n\t\t\t\t\t\t\t<i aria-hidden=\"true\" class=\"far fa-address-card\"><\/i>\t\t\t\t\t\t<\/span>\n\t\t\t\t\t\t\t\t\t\t<span class=\"elementor-icon-list-text\">Identificaci\u00f3n de asociaci\u00f3n de vecinos<\/span>\n\t\t\t\t\t\t\t\t\t<\/li>\n\t\t\t\t\t\t\t\t<li class=\"elementor-icon-list-item\">\n\t\t\t\t\t\t\t\t\t\t\t<span class=\"elementor-icon-list-icon\">\n\t\t\t\t\t\t\t<i aria-hidden=\"true\" class=\"far fa-address-card\"><\/i>\t\t\t\t\t\t<\/span>\n\t\t\t\t\t\t\t\t\t\t<span class=\"elementor-icon-list-text\">Identificaci\u00f3n de asistencia p\u00fablica<\/span>\n\t\t\t\t\t\t\t\t\t<\/li>\n\t\t\t\t\t\t\t\t<li class=\"elementor-icon-list-item\">\n\t\t\t\t\t\t\t\t\t\t\t<span class=\"elementor-icon-list-icon\">\n\t\t\t\t\t\t\t<i aria-hidden=\"true\" class=\"far fa-address-card\"><\/i>\t\t\t\t\t\t<\/span>\n\t\t\t\t\t\t\t\t\t\t<span class=\"elementor-icon-list-text\">Tarjeta de identificaci\u00f3n de salud para veteranos emitida por el Departamento de Asuntos de Veteranos<\/span>\n\t\t\t\t\t\t\t\t\t<\/li>\n\t\t\t\t\t\t\t\t<li class=\"elementor-icon-list-item\">\n\t\t\t\t\t\t\t\t\t\t\t<span class=\"elementor-icon-list-icon\">\n\t\t\t\t\t\t\t<i aria-hidden=\"true\" class=\"far fa-address-card\"><\/i>\t\t\t\t\t\t<\/span>\n\t\t\t\t\t\t\t\t\t\t<span class=\"elementor-icon-list-text\">Licencia para portar un arma oculta o arma de fuego emitida en conformidad con la tarjeta de identificaci\u00f3n de empleado gubernamental s. 790.06<\/span>\n\t\t\t\t\t\t\t\t\t<\/li>\n\t\t\t\t\t\t<\/ul>\n\t\t\t\t\t\t<\/div>\n\t\t\t\t<\/div>\n\t\t\t\t<div class=\"elementor-element elementor-element-8dddee5 elementor-widget elementor-widget-text-editor\" data-id=\"8dddee5\" data-element_type=\"widget\" data-widget_type=\"text-editor.default\">\n\t\t\t\t<div class=\"elementor-widget-container\">\n\t\t\t\t\t\t\t\t\t<p>Si su identificaci\u00f3n con foto no incluye su firma, se le pedir\u00e1 que proporcione otra identificaci\u00f3n que tenga su firma. Si necesita ayuda para obtener su identificaci\u00f3n para votar, llame a VoteRiders al 844-338-8743.<\/p>\t\t\t\t\t\t\t\t<\/div>\n\t\t\t\t<\/div>\n\t\t\t\t\t<\/div>\n\t\t<\/div>\n\t\t\t\t<div class=\"elementor-column elementor-col-50 elementor-inner-column elementor-element elementor-element-da2f593\" data-id=\"da2f593\" data-element_type=\"column\">\n\t\t\t<div class=\"elementor-widget-wrap elementor-element-populated\">\n\t\t\t\t\t\t<div class=\"elementor-element elementor-element-dc987e5 elementor-invisible elementor-widget elementor-widget-html\" data-id=\"dc987e5\" data-element_type=\"widget\" data-settings=\"{&quot;_animation&quot;:&quot;fadeInUp&quot;,&quot;_animation_delay&quot;:4000}\" data-no-translation=\"\" data-widget_type=\"html.default\">\n\t\t\t\t<div class=\"elementor-widget-container\">\n\t\t\t\t\t<style>.elementor-element-dc987e5{display:none !important}<\/style>\t\t\t\t<\/div>\n\t\t\t\t<\/div>\n\t\t\t\t<div class=\"elementor-element elementor-element-96a997e elementor-invisible elementor-widget elementor-widget-html\" data-id=\"96a997e\" data-element_type=\"widget\" data-settings=\"{&quot;_animation&quot;:&quot;fadeInUp&quot;,&quot;_animation_delay&quot;:4000}\" data-no-translation=\"\" data-widget_type=\"html.default\">\n\t\t\t\t<div class=\"elementor-widget-container\">\n\t\t\t\t\t<form action=\"http:\/\/..\/\" data-trp-original-action=\"..\/\">\n<select onchange=\"window.open(this.options[this.selectedIndex].value,'_top')\" style=\"width: 100%; -webkit-appearance: menulist-button; font-size: 20px; height: 60px;\">\n    <option value=\"\">Elija su condado...<\/option>\n    <option value=\"https:\/\/www.votealachua.com\/Voters\/Early-Voting\">Alachua<\/option>\n    <option value=\"https:\/\/www.bakerelections.com\/Voter-Information\/Early-Voting\">Baker<\/option>\n    <option value=\"https:\/\/vls.vrswebapps.com\/#county=bay&election=209\">Bay<\/option>\n    <option value=\"https:\/\/www.bradfordelections.com\/Voter-Information\/Early-Voting\">Bradford<\/option>\n    <option value=\"https:\/\/vls.vrswebapps.com\/#county=brevard&election=94\">Brevard<\/option>\n    <option value=\"https:\/\/www.browardsoe.org\/Voting-Methods\/Early-Voting-Dates-Hours-and-Sites\">Broward<\/option>\n    <option value=\"https:\/\/www.votecalhoun.com\/Home\/ModuleID\/24526\/ItemID\/26975\/mctl\/EventDetails\">Calhoun<\/option>\n    <option value=\"https:\/\/www.charlottevotes.com\/Elections\/Early-Voting\">Charlotte<\/option>\n    <option value=\"https:\/\/www.votecitrus.com\/Vote-by-Mail-and-Early-Voting\/2020-Early-Voting-Schedule\">Citrus<\/option>\n    <option value=\"https:\/\/vls.vrswebapps.com\/#county=clay&election=171\">Clay<\/option>\n    <option value=\"https:\/\/www.colliervotes.com\/Early-Voting\">Collier<\/option>\n    <option value=\"https:\/\/www.votecolumbia.com\/Voter-Info\/Early-Voting\">Columbia<\/option>\n    <option value=\"https:\/\/www.votedesoto.com\/Election-Info\/Early-Voting\">DeSoto<\/option>\n    <option value=\"https:\/\/www.dixievotes.com\">Dixie<\/option>\n    <option value=\"https:\/\/www.duvalelections.com\/General-Information\/Learn-About-Elections\/About-Early-Voting\">Duval<\/option>\n    <option value=\"https:\/\/escambiavotes.gov\/early-voting-locations\">Escambia<\/option>\n    <option value=\"https:\/\/www.flaglerelections.com\/early-voting\">Flagler<\/option>\n    <option value=\"https:\/\/www.votefranklin.com\">Franklin<\/option>\n    <option value=\"https:\/\/www.gadsdensoe.com\">Gadsden<\/option>\n    <option value=\"https:\/\/www.votegilchrist.com\/Information-for-Voters\/Early-Voting\">Gilchrist<\/option>\n    <option value=\"https:\/\/www.voteglades.com\/Voting-Info\/Early-Voting\">Glades<\/option>\n    <option value=\"https:\/\/www.votegulf.com\/\">Gulf<\/option>\n    <option value=\"https:\/\/www.hamiltonvotes.com\/Voter-Information\/Early-Voting\">Hamilton<\/option>\n    <option value=\"https:\/\/www.hardeecountyelections.com\/Home\/ModuleID\/23183\/ItemID\/29505\/mctl\/EventDetails\">Hardee<\/option>\n    <option value=\"https:\/\/www.hendryelections.org\/Early-Voting\">Hendry<\/option>\n    <option value=\"https:\/\/www.hernandovotes.com\/Election-Info\/Early-Voting-Locations\">Hernando<\/option>\n    <option value=\"https:\/\/www.votehighlands.com\/m\/Early-Voting\">Highlands<\/option>\n    <option value=\"https:\/\/vls.vrswebapps.com\/#county=hillsborough&election=176\">Hillsborough<\/option>\n    <option value=\"https:\/\/www.holmeselections.com\/3-Ways-to-Vote\/Vote-Early\">Holmes<\/option>\n    <option value=\"https:\/\/vls.vrswebapps.com\/#county=indianriver&election=88\">Indian River<\/option>\n    <option value=\"https:\/\/www.jacksoncountysoe.org\/\">Jackson<\/option>\n    <option value=\"https:\/\/www.jeffersonvotes.com\/Election-Information\/Early-Voting\">Jefferson<\/option>\n    <option value=\"https:\/\/www.lafayettevotes.net\/Voter-Information\/Early-Voting\">Lafayette<\/option>\n    <option value=\"https:\/\/www.lakevotes.com\/Voter-Information\/Early-Voting\">Lake<\/option>\n    <option value=\"https:\/\/www.lee.vote\/Election-Information\/Early-Voting-Information\">Lee<\/option>\n    <option value=\"https:\/\/vls.vrswebapps.com\/#county=leon&election=80\">Leon<\/option>\n    <option value=\"https:\/\/www.votelevy.gov\/Voters\/Methods-of-Voting\/Early-Voting\">Levy<\/option>\n    <option value=\"https:\/\/www.libertyelections.com\/Voter-Information\/-Early-Voting\">Liberty<\/option>\n    <option value=\"https:\/\/www.votemadison.com\/\">Madison<\/option>\n    <option value=\"https:\/\/www.votemanatee.com\/m\/Vote-By-Mail-Early-Voting\/Early-Voting\">Manatee<\/option>\n    <option value=\"https:\/\/www.votemarion.gov\/EarlyVoting\">Marion<\/option>\n    <option value=\"https:\/\/www.martinvotes.com\/content.aspx?id=496\">Martin<\/option>\n    <option value=\"https:\/\/www.miamidade.gov\/global\/service.page?Mduid_service=ser1511962555914873\">Miami-Dade<\/option>\n    <option value=\"https:\/\/www.keys-elections.org\/m\/Voter-Information\/Early-Voting\">Monroe<\/option>\n    <option value=\"https:\/\/www.votenassau.com\/Voting-How-When-Where\/Early-Voting\">Nassau<\/option>\n    <option value=\"https:\/\/www.govote-okaloosa.com\/m\/Ways-to-Vote\/Vote-Early\">Okaloosa<\/option>\n    <option value=\"https:\/\/www.voteokeechobee.com\/-Voter--Education\/Early-Vote-Info\">Okeechobee<\/option>\n    <option value=\"https:\/\/www.ocfelections.com\/early-voting-locations\">Orange<\/option>\n    <option value=\"https:\/\/www.voteosceola.com\/en-us\/How-to-Vote\/Vote-Early\">Osceola<\/option>\n    <option value=\"https:\/\/vls.vrswebapps.com\/#county=palmbeach&election=551\">Palm Beach<\/option>\n    <option value=\"https:\/\/www.pascovotes.com\/Elections\/Ways-to-Vote\/Early-Voting\/Early-Voting-Locations-and-Wait-Times\">Pasco<\/option>\n    <option value=\"https:\/\/www.votepinellas.com\/Election-Information\/Early-Voting\">Pinellas<\/option>\n    <option value=\"https:\/\/www.polkelections.com\/m\/Voter-Services\/Early-Voting\">Polk<\/option>\n    <option value=\"https:\/\/soe.putnam-fl.com\/Election-Information\/Early-Voting-Locations\">Putnam<\/option>\n    <option value=\"https:\/\/www.votesantarosa.com\/m\/Election-Information\/Early-Voting-Information\">Santa Rosa<\/option>\n    <option value=\"https:\/\/www.sarasotavotes.com\/content.aspx?id=128\">Sarasota<\/option>\n    <option value=\"https:\/\/www.voteseminole.org\/early-voting#gsc.tab=0\">Seminole<\/option>\n    <option value=\"https:\/\/vls.vrswebapps.com\/#county=stjohns&election=72\">St. Johns<\/option>\n    <option value=\"https:\/\/vls.vrswebapps.com\/#county=stlucie&election=87\">St. Lucie<\/option>\n    <option value=\"https:\/\/www.sumterelections.org\/Ways-to-Vote\/Early-Voting\">Sumter<\/option>\n    <option value=\"https:\/\/www.suwanneevotes.com\/m\/Voting-Methods\/Early-Voting\">Suwannee<\/option>\n    <option value=\"https:\/\/www.taylorelections.com\/Voter-Information\/Vote-Early\">Taylor<\/option>\n    <option value=\"https:\/\/www.unionflvotes.com\/m\/Election-Information\/Early-Voting\">Union<\/option>\n    <option value=\"http:\/\/www.volusiaelections.org\/EarlyVoting\/hoursandlocations.htm\">Volusia<\/option>\n    <option value=\"https:\/\/www.wakullaelection.com\/\">Wakulla<\/option>\n    <option value=\"https:\/\/vls.vrswebapps.com\/#county=walton&election=122\">Walton<\/option>\n    <option value=\"https:\/\/www.wcsoe.org\/\">Washington<\/option>\n<\/select>\n<input type=\"hidden\" name=\"trp-form-language\" value=\"es\"\/><\/form>\t\t\t\t<\/div>\n\t\t\t\t<\/div>\n\t\t\t\t\t<\/div>\n\t\t<\/div>\n\t\t\t\t\t<\/div>\n\t\t<\/section>\n\t\t\t\t\t<\/div>\n\t\t<\/div>\n\t\t\t\t\t<\/div>\n\t\t<\/section>\n\t\t\t\t<\/div>","protected":false},"excerpt":{"rendered":"<p>Seleccione el condado en el que est\u00e1 registrado para votar para encontrar los lugares de votaci\u00f3n anticipada y sus horarios de atenci\u00f3n en su \u00e1rea. En los lugares de votaci\u00f3n anticipada, se le solicitar\u00e1 que proporcione una identificaci\u00f3n con fotograf\u00eda v\u00e1lida con firma. Se aceptar\u00e1 cualquiera de las siguientes identificaciones con fotograf\u00eda: Licencia de conducir o tarjeta de identificaci\u00f3n de Florida Pasaporte de los Estados Unidos [\u2026]<\/p>","protected":false},"author":1,"featured_media":0,"parent":0,"menu_order":0,"comment_status":"closed","ping_status":"closed","template":"","meta":{"footnotes":""},"categories":[],"tags":[],"class_list":["post-1017","page","type-page","status-publish","hentry"],"yoast_head":"<!-- This site is optimized with the Yoast SEO plugin v25.2 - https:\/\/yoast.com\/wordpress\/plugins\/seo\/ -->\n<title>Vote Early - Equality Florida Institute<\/title>\n<meta name=\"robots\" content=\"index, follow, max-snippet:-1, max-image-preview:large, max-video-preview:-1\" \/>\n<link rel=\"canonical\" href=\"https:\/\/equalityflorida.vote\/es\/early-old2\/\" \/>\n<meta property=\"og:locale\" content=\"es_MX\" \/>\n<meta property=\"og:type\" content=\"article\" \/>\n<meta property=\"og:title\" content=\"Vote Early - Equality Florida Institute\" \/>\n<meta property=\"og:description\" content=\"Select the county where you&#8217;re registered to vote to find early voting locations and their operating hours in your area. At early voting locations, you will be asked to provide a valid photo ID with signature. Any one of the following photo IDs will be accepted: Florida driver license or ID card United States passport [&hellip;]\" \/>\n<meta property=\"og:url\" content=\"https:\/\/equalityflorida.vote\/es\/early-old2\/\" \/>\n<meta property=\"og:site_name\" content=\"Equality Florida Institute\" \/>\n<meta property=\"article:modified_time\" content=\"2020-10-17T13:23:19+00:00\" \/>\n<meta property=\"og:image\" content=\"https:\/\/equalityflorida.vote\/wp-content\/uploads\/2020\/06\/eqfl-og.jpg\" \/>\n\t<meta property=\"og:image:width\" content=\"1200\" \/>\n\t<meta property=\"og:image:height\" content=\"630\" \/>\n\t<meta property=\"og:image:type\" content=\"image\/jpeg\" \/>\n<meta name=\"twitter:card\" content=\"summary_large_image\" \/>\n<meta name=\"twitter:label1\" content=\"Tiempo de lectura\" \/>\n\t<meta name=\"twitter:data1\" content=\"1 minuto\" \/>\n<script type=\"application\/ld+json\" class=\"yoast-schema-graph\">{\"@context\":\"https:\/\/schema.org\",\"@graph\":[{\"@type\":\"WebPage\",\"@id\":\"https:\/\/equalityflorida.vote\/es\/early-old2\/\",\"url\":\"https:\/\/equalityflorida.vote\/es\/early-old2\/\",\"name\":\"Vote Early - Equality Florida Institute\",\"isPartOf\":{\"@id\":\"https:\/\/equalityflorida.vote\/es\/#website\"},\"datePublished\":\"2020-07-31T18:13:21+00:00\",\"dateModified\":\"2020-10-17T13:23:19+00:00\",\"breadcrumb\":{\"@id\":\"https:\/\/equalityflorida.vote\/es\/early-old2\/#breadcrumb\"},\"inLanguage\":\"es\",\"potentialAction\":[{\"@type\":\"ReadAction\",\"target\":[\"https:\/\/equalityflorida.vote\/es\/early-old2\/\"]}]},{\"@type\":\"BreadcrumbList\",\"@id\":\"https:\/\/equalityflorida.vote\/es\/early-old2\/#breadcrumb\",\"itemListElement\":[{\"@type\":\"ListItem\",\"position\":1,\"name\":\"Home\",\"item\":\"https:\/\/equalityflorida.vote\/\"},{\"@type\":\"ListItem\",\"position\":2,\"name\":\"Vote Early\"}]},{\"@type\":\"WebSite\",\"@id\":\"https:\/\/equalityflorida.vote\/es\/#website\",\"url\":\"https:\/\/equalityflorida.vote\/es\/\",\"name\":\"Make A Plan To Vote\",\"description\":\"\",\"publisher\":{\"@id\":\"https:\/\/equalityflorida.vote\/es\/#organization\"},\"potentialAction\":[{\"@type\":\"SearchAction\",\"target\":{\"@type\":\"EntryPoint\",\"urlTemplate\":\"https:\/\/equalityflorida.vote\/es\/?s={search_term_string}\"},\"query-input\":{\"@type\":\"PropertyValueSpecification\",\"valueRequired\":true,\"valueName\":\"search_term_string\"}}],\"inLanguage\":\"es\"},{\"@type\":\"Organization\",\"@id\":\"https:\/\/equalityflorida.vote\/es\/#organization\",\"name\":\"Make A Plan To Vote\",\"url\":\"https:\/\/equalityflorida.vote\/es\/\",\"logo\":{\"@type\":\"ImageObject\",\"inLanguage\":\"es\",\"@id\":\"https:\/\/equalityflorida.vote\/es\/#\/schema\/logo\/image\/\",\"url\":\"https:\/\/live-equality-florida-votes.pantheonsite.io\/wp-content\/uploads\/2020\/02\/mptv-2020-icon.png\",\"contentUrl\":\"https:\/\/live-equality-florida-votes.pantheonsite.io\/wp-content\/uploads\/2020\/02\/mptv-2020-icon.png\",\"width\":1500,\"height\":1500,\"caption\":\"Make A Plan To Vote\"},\"image\":{\"@id\":\"https:\/\/equalityflorida.vote\/es\/#\/schema\/logo\/image\/\"}}]}<\/script>\n<!-- \/ Yoast SEO plugin. -->","yoast_head_json":{"title":"Vote Early - Equality Florida Institute","robots":{"index":"index","follow":"follow","max-snippet":"max-snippet:-1","max-image-preview":"max-image-preview:large","max-video-preview":"max-video-preview:-1"},"canonical":"https:\/\/equalityflorida.vote\/es\/early-old2\/","og_locale":"es_MX","og_type":"article","og_title":"Vote Early - Equality Florida Institute","og_description":"Select the county where you&#8217;re registered to vote to find early voting locations and their operating hours in your area. At early voting locations, you will be asked to provide a valid photo ID with signature. Any one of the following photo IDs will be accepted: Florida driver license or ID card United States passport [&hellip;]","og_url":"https:\/\/equalityflorida.vote\/es\/early-old2\/","og_site_name":"Equality Florida Institute","article_modified_time":"2020-10-17T13:23:19+00:00","og_image":[{"width":1200,"height":630,"url":"https:\/\/equalityflorida.vote\/wp-content\/uploads\/2020\/06\/eqfl-og.jpg","type":"image\/jpeg"}],"twitter_card":"summary_large_image","twitter_misc":{"Tiempo de lectura":"1 minuto"},"schema":{"@context":"https:\/\/schema.org","@graph":[{"@type":"WebPage","@id":"https:\/\/equalityflorida.vote\/es\/early-old2\/","url":"https:\/\/equalityflorida.vote\/es\/early-old2\/","name":"Vote Early - Equality Florida Institute","isPartOf":{"@id":"https:\/\/equalityflorida.vote\/es\/#website"},"datePublished":"2020-07-31T18:13:21+00:00","dateModified":"2020-10-17T13:23:19+00:00","breadcrumb":{"@id":"https:\/\/equalityflorida.vote\/es\/early-old2\/#breadcrumb"},"inLanguage":"es","potentialAction":[{"@type":"ReadAction","target":["https:\/\/equalityflorida.vote\/es\/early-old2\/"]}]},{"@type":"BreadcrumbList","@id":"https:\/\/equalityflorida.vote\/es\/early-old2\/#breadcrumb","itemListElement":[{"@type":"ListItem","position":1,"name":"Home","item":"https:\/\/equalityflorida.vote\/"},{"@type":"ListItem","position":2,"name":"Vote Early"}]},{"@type":"WebSite","@id":"https:\/\/equalityflorida.vote\/es\/#website","url":"https:\/\/equalityflorida.vote\/es\/","name":"Make A Plan To Vote","description":"","publisher":{"@id":"https:\/\/equalityflorida.vote\/es\/#organization"},"potentialAction":[{"@type":"SearchAction","target":{"@type":"EntryPoint","urlTemplate":"https:\/\/equalityflorida.vote\/es\/?s={search_term_string}"},"query-input":{"@type":"PropertyValueSpecification","valueRequired":true,"valueName":"search_term_string"}}],"inLanguage":"es"},{"@type":"Organization","@id":"https:\/\/equalityflorida.vote\/es\/#organization","name":"Make A Plan To Vote","url":"https:\/\/equalityflorida.vote\/es\/","logo":{"@type":"ImageObject","inLanguage":"es","@id":"https:\/\/equalityflorida.vote\/es\/#\/schema\/logo\/image\/","url":"https:\/\/live-equality-florida-votes.pantheonsite.io\/wp-content\/uploads\/2020\/02\/mptv-2020-icon.png","contentUrl":"https:\/\/live-equality-florida-votes.pantheonsite.io\/wp-content\/uploads\/2020\/02\/mptv-2020-icon.png","width":1500,"height":1500,"caption":"Make A Plan To Vote"},"image":{"@id":"https:\/\/equalityflorida.vote\/es\/#\/schema\/logo\/image\/"}}]}},"_links":{"self":[{"href":"https:\/\/equalityflorida.vote\/es\/wp-json\/wp\/v2\/pages\/1017","targetHints":{"allow":["GET"]}}],"collection":[{"href":"https:\/\/equalityflorida.vote\/es\/wp-json\/wp\/v2\/pages"}],"about":[{"href":"https:\/\/equalityflorida.vote\/es\/wp-json\/wp\/v2\/types\/page"}],"author":[{"embeddable":true,"href":"https:\/\/equalityflorida.vote\/es\/wp-json\/wp\/v2\/users\/1"}],"replies":[{"embeddable":true,"href":"https:\/\/equalityflorida.vote\/es\/wp-json\/wp\/v2\/comments?post=1017"}],"version-history":[{"count":8,"href":"https:\/\/equalityflorida.vote\/es\/wp-json\/wp\/v2\/pages\/1017\/revisions"}],"predecessor-version":[{"id":1051,"href":"https:\/\/equalityflorida.vote\/es\/wp-json\/wp\/v2\/pages\/1017\/revisions\/1051"}],"wp:attachment":[{"href":"https:\/\/equalityflorida.vote\/es\/wp-json\/wp\/v2\/media?parent=1017"}],"wp:term":[{"taxonomy":"category","embeddable":true,"href":"https:\/\/equalityflorida.vote\/es\/wp-json\/wp\/v2\/categories?post=1017"},{"taxonomy":"post_tag","embeddable":true,"href":"https:\/\/equalityflorida.vote\/es\/wp-json\/wp\/v2\/tags?post=1017"}],"curies":[{"name":"wp","href":"https:\/\/api.w.org\/{rel}","templated":true}]}}